{"id":4605,"date":"2022-11-08T11:46:31","date_gmt":"2022-11-08T11:46:31","guid":{"rendered":"https:\/\/enivo.eu\/services\/graphic-design\/"},"modified":"2025-09-26T14:17:18","modified_gmt":"2025-09-26T14:17:18","slug":"graphic-design","status":"publish","type":"page","link":"https:\/\/enivo.eu\/en\/services\/graphic-design\/","title":{"rendered":"Graphic design"},"content":{"rendered":"","protected":false},"excerpt":{"rendered":"","protected":false},"author":1,"featured_media":0,"parent":4535,"menu_order":5,"comment_status":"closed","ping_status":"closed","template":"","meta":{"footnotes":""},"class_list":["post-4605","page","type-page","status-publish","hentry"],"yoast_head":"<!-- This site is optimized with the Yoast SEO plugin v27.4 - https:\/\/yoast.com\/product\/yoast-seo-wordpress\/ -->\n<title>graphic design - advertising agency enivo<\/title>\n<meta name=\"description\" content=\"Need graphic design for advertising? We&#039;ll help you with both the design and the precise preparation for print. Click and find out more!\" \/>\n<meta name=\"robots\" content=\"noindex, follow\" \/>\n<meta property=\"og:locale\" content=\"en_US\" \/>\n<meta property=\"og:type\" content=\"article\" \/>\n<meta property=\"og:title\" content=\"graphic design - advertising agency enivo\" \/>\n<meta property=\"og:description\" content=\"Need graphic design for advertising? We&#039;ll help you with both the design and the precise preparation for print. Click and find out more!\" \/>\n<meta property=\"og:url\" content=\"https:\/\/enivo.eu\/en\/services\/graphic-design\/\" \/>\n<meta property=\"og:site_name\" content=\"enivo\" \/>\n<meta property=\"article:publisher\" content=\"https:\/\/www.facebook.com\/enivo.eu\/\" \/>\n<meta property=\"article:modified_time\" content=\"2025-09-26T14:17:18+00:00\" \/>\n<meta name=\"twitter:card\" content=\"summary_large_image\" \/>\n<script type=\"application\/ld+json\" class=\"yoast-schema-graph\">{\"@context\":\"https:\\\/\\\/schema.org\",\"@graph\":[{\"@type\":\"WebPage\",\"@id\":\"https:\\\/\\\/enivo.eu\\\/en\\\/services\\\/graphic-design\\\/\",\"url\":\"https:\\\/\\\/enivo.eu\\\/en\\\/services\\\/graphic-design\\\/\",\"name\":\"graphic design - advertising agency enivo\",\"isPartOf\":{\"@id\":\"https:\\\/\\\/enivo.eu\\\/en\\\/#website\"},\"datePublished\":\"2022-11-08T11:46:31+00:00\",\"dateModified\":\"2025-09-26T14:17:18+00:00\",\"description\":\"Need graphic design for advertising? We'll help you with both the design and the precise preparation for print. Click and find out more!\",\"breadcrumb\":{\"@id\":\"https:\\\/\\\/enivo.eu\\\/en\\\/services\\\/graphic-design\\\/#breadcrumb\"},\"inLanguage\":\"en-US\",\"potentialAction\":[{\"@type\":\"ReadAction\",\"target\":[\"https:\\\/\\\/enivo.eu\\\/en\\\/services\\\/graphic-design\\\/\"]}]},{\"@type\":\"BreadcrumbList\",\"@id\":\"https:\\\/\\\/enivo.eu\\\/en\\\/services\\\/graphic-design\\\/#breadcrumb\",\"itemListElement\":[{\"@type\":\"ListItem\",\"position\":1,\"name\":\"Home\",\"item\":\"https:\\\/\\\/enivo.eu\\\/en\\\/enivo-2\\\/\"},{\"@type\":\"ListItem\",\"position\":2,\"name\":\"services\",\"item\":\"https:\\\/\\\/enivo.eu\\\/en\\\/services\\\/\"},{\"@type\":\"ListItem\",\"position\":3,\"name\":\"Graphic design\"}]},{\"@type\":\"WebSite\",\"@id\":\"https:\\\/\\\/enivo.eu\\\/en\\\/#website\",\"url\":\"https:\\\/\\\/enivo.eu\\\/en\\\/\",\"name\":\"enivo\",\"description\":\"Digit\u0101lie, Poligr\u0101fijas un Drukas Pakalpojumi - A\u0123ent\u016bra enivo\",\"publisher\":{\"@id\":\"https:\\\/\\\/enivo.eu\\\/en\\\/#organization\"},\"potentialAction\":[{\"@type\":\"SearchAction\",\"target\":{\"@type\":\"EntryPoint\",\"urlTemplate\":\"https:\\\/\\\/enivo.eu\\\/en\\\/?s={search_term_string}\"},\"query-input\":{\"@type\":\"PropertyValueSpecification\",\"valueRequired\":true,\"valueName\":\"search_term_string\"}}],\"inLanguage\":\"en-US\"},{\"@type\":\"Organization\",\"@id\":\"https:\\\/\\\/enivo.eu\\\/en\\\/#organization\",\"name\":\"enivo\",\"url\":\"https:\\\/\\\/enivo.eu\\\/en\\\/\",\"logo\":{\"@type\":\"ImageObject\",\"inLanguage\":\"en-US\",\"@id\":\"https:\\\/\\\/enivo.eu\\\/en\\\/#\\\/schema\\\/logo\\\/image\\\/\",\"url\":\"https:\\\/\\\/enivo.eu\\\/wp-content\\\/uploads\\\/2022\\\/02\\\/enivo-logo-color.png\",\"contentUrl\":\"https:\\\/\\\/enivo.eu\\\/wp-content\\\/uploads\\\/2022\\\/02\\\/enivo-logo-color.png\",\"width\":172,\"height\":60,\"caption\":\"enivo\"},\"image\":{\"@id\":\"https:\\\/\\\/enivo.eu\\\/en\\\/#\\\/schema\\\/logo\\\/image\\\/\"},\"sameAs\":[\"https:\\\/\\\/www.facebook.com\\\/enivo.eu\\\/\",\"https:\\\/\\\/www.instagram.com\\\/enivo.eu\\\/\",\"https:\\\/\\\/www.linkedin.com\\\/company\\\/enivo-eu\",\"https:\\\/\\\/www.youtube.com\\\/poligrafija\"]}]}<\/script>\n<!-- \/ Yoast SEO plugin. -->","yoast_head_json":{"title":"graphic design - advertising agency enivo","description":"Need graphic design for advertising? We'll help you with both the design and the precise preparation for print. Click and find out more!","robots":{"index":"noindex","follow":"follow"},"og_locale":"en_US","og_type":"article","og_title":"graphic design - advertising agency enivo","og_description":"Need graphic design for advertising? We'll help you with both the design and the precise preparation for print. Click and find out more!","og_url":"https:\/\/enivo.eu\/en\/services\/graphic-design\/","og_site_name":"enivo","article_publisher":"https:\/\/www.facebook.com\/enivo.eu\/","article_modified_time":"2025-09-26T14:17:18+00:00","twitter_card":"summary_large_image","schema":{"@context":"https:\/\/schema.org","@graph":[{"@type":"WebPage","@id":"https:\/\/enivo.eu\/en\/services\/graphic-design\/","url":"https:\/\/enivo.eu\/en\/services\/graphic-design\/","name":"graphic design - advertising agency enivo","isPartOf":{"@id":"https:\/\/enivo.eu\/en\/#website"},"datePublished":"2022-11-08T11:46:31+00:00","dateModified":"2025-09-26T14:17:18+00:00","description":"Need graphic design for advertising? We'll help you with both the design and the precise preparation for print. Click and find out more!","breadcrumb":{"@id":"https:\/\/enivo.eu\/en\/services\/graphic-design\/#breadcrumb"},"inLanguage":"en-US","potentialAction":[{"@type":"ReadAction","target":["https:\/\/enivo.eu\/en\/services\/graphic-design\/"]}]},{"@type":"BreadcrumbList","@id":"https:\/\/enivo.eu\/en\/services\/graphic-design\/#breadcrumb","itemListElement":[{"@type":"ListItem","position":1,"name":"Home","item":"https:\/\/enivo.eu\/en\/enivo-2\/"},{"@type":"ListItem","position":2,"name":"services","item":"https:\/\/enivo.eu\/en\/services\/"},{"@type":"ListItem","position":3,"name":"Graphic design"}]},{"@type":"WebSite","@id":"https:\/\/enivo.eu\/en\/#website","url":"https:\/\/enivo.eu\/en\/","name":"enivo","description":"Digit\u0101lie, Poligr\u0101fijas un Drukas Pakalpojumi - A\u0123ent\u016bra enivo","publisher":{"@id":"https:\/\/enivo.eu\/en\/#organization"},"potentialAction":[{"@type":"SearchAction","target":{"@type":"EntryPoint","urlTemplate":"https:\/\/enivo.eu\/en\/?s={search_term_string}"},"query-input":{"@type":"PropertyValueSpecification","valueRequired":true,"valueName":"search_term_string"}}],"inLanguage":"en-US"},{"@type":"Organization","@id":"https:\/\/enivo.eu\/en\/#organization","name":"enivo","url":"https:\/\/enivo.eu\/en\/","logo":{"@type":"ImageObject","inLanguage":"en-US","@id":"https:\/\/enivo.eu\/en\/#\/schema\/logo\/image\/","url":"https:\/\/enivo.eu\/wp-content\/uploads\/2022\/02\/enivo-logo-color.png","contentUrl":"https:\/\/enivo.eu\/wp-content\/uploads\/2022\/02\/enivo-logo-color.png","width":172,"height":60,"caption":"enivo"},"image":{"@id":"https:\/\/enivo.eu\/en\/#\/schema\/logo\/image\/"},"sameAs":["https:\/\/www.facebook.com\/enivo.eu\/","https:\/\/www.instagram.com\/enivo.eu\/","https:\/\/www.linkedin.com\/company\/enivo-eu","https:\/\/www.youtube.com\/poligrafija"]}]}},"_links":{"self":[{"href":"https:\/\/enivo.eu\/en\/wp-json\/wp\/v2\/pages\/4605","targetHints":{"allow":["GET"]}}],"collection":[{"href":"https:\/\/enivo.eu\/en\/wp-json\/wp\/v2\/pages"}],"about":[{"href":"https:\/\/enivo.eu\/en\/wp-json\/wp\/v2\/types\/page"}],"author":[{"embeddable":true,"href":"https:\/\/enivo.eu\/en\/wp-json\/wp\/v2\/users\/1"}],"replies":[{"embeddable":true,"href":"https:\/\/enivo.eu\/en\/wp-json\/wp\/v2\/comments?post=4605"}],"version-history":[{"count":4,"href":"https:\/\/enivo.eu\/en\/wp-json\/wp\/v2\/pages\/4605\/revisions"}],"predecessor-version":[{"id":10362,"href":"https:\/\/enivo.eu\/en\/wp-json\/wp\/v2\/pages\/4605\/revisions\/10362"}],"up":[{"embeddable":true,"href":"https:\/\/enivo.eu\/en\/wp-json\/wp\/v2\/pages\/4535"}],"wp:attachment":[{"href":"https:\/\/enivo.eu\/en\/wp-json\/wp\/v2\/media?parent=4605"}],"curies":[{"name":"wp","href":"https:\/\/api.w.org\/{rel}","templated":true}]}}