{"id":4667,"date":"2022-08-17T08:49:52","date_gmt":"2022-08-17T08:49:52","guid":{"rendered":"https:\/\/enivo.eu\/about-enivo\/reviews\/"},"modified":"2025-02-25T13:43:53","modified_gmt":"2025-02-25T13:43:53","slug":"testimonials","status":"publish","type":"page","link":"https:\/\/enivo.eu\/en\/about-enivo\/testimonials\/","title":{"rendered":"testimonials"},"content":{"rendered":"\n\n\t<section class=\"section\" id=\"section_1350268660\">\n\t\t<div class=\"section-bg fill\" >\n\t\t\t\t\t\t\t\t\t\n\t\t\t\n\n\t\t<\/div>\n\n\t\t\n\n\t\t<div class=\"section-content relative\">\n\t\t\t\n\n<div class=\"row row-small align-center section-row atsauksmes\" style=\"max-width:1200px\" id=\"row-860083272\">\n\n\n\t<div id=\"col-781969947\" class=\"col small-12 large-12\"  >\n\t\t\t\t<div class=\"col-inner\"  >\n\t\t\t\n\t\t\t\n\n<div class=\"container section-title-container\" ><h2 class=\"section-title section-title-center\"><b aria-hidden=\"true\"><\/b><span class=\"section-title-main\" style=\"font-size:140%;\">customer testimonials<\/span><b aria-hidden=\"true\"><\/b><\/h2><\/div>\n\n\n\t\t<\/div>\n\t\t\t\t\t<\/div>\n\n\t\n\n\t<div id=\"col-967799520\" class=\"col medium-6 small-12 large-4\"  >\n\t\t\t\t<div class=\"col-inner text-center\"  >\n\t\t\t\n\t\t\t\n\n\n\n\n\t\t<\/div>\n\t\t\t\t\t<\/div>\n\n\t\n\n\t<div id=\"col-1298376378\" class=\"col medium-6 small-12 large-4\"  >\n\t\t\t\t<div class=\"col-inner\"  >\n\t\t\t\n\t\t\t\n\n\n\n\n\t\t<\/div>\n\t\t\t\t\t<\/div>\n\n\t\n\n\t<div id=\"col-698626275\" class=\"col medium-6 small-12 large-4\"  >\n\t\t\t\t<div class=\"col-inner\"  >\n\t\t\t\n\t\t\t\n\n\n\n\n\t\t<\/div>\n\t\t\t\t\t<\/div>\n\n\t\n\n\t<div id=\"col-1686554402\" class=\"col medium-6 small-12 large-4\"  >\n\t\t\t\t<div class=\"col-inner text-center\"  >\n\t\t\t\n\t\t\t\n\n\n\n\n\t\t<\/div>\n\t\t\t\t\t<\/div>\n\n\t\n\n\t<div id=\"col-789171095\" class=\"col medium-6 small-12 large-4\"  >\n\t\t\t\t<div class=\"col-inner\"  >\n\t\t\t\n\t\t\t\n\n\n\n\n\t\t<\/div>\n\t\t\t\t\t<\/div>\n\n\t\n\n\t<div id=\"col-890315502\" class=\"col medium-6 small-12 large-4\"  >\n\t\t\t\t<div class=\"col-inner\"  >\n\t\t\t\n\t\t\t\n\n\n\n\n\t\t<\/div>\n\t\t\t\t\t<\/div>\n\n\t\n\n\t<div id=\"col-1027230473\" class=\"col medium-6 small-12 large-4\"  >\n\t\t\t\t<div class=\"col-inner text-center\"  >\n\t\t\t\n\t\t\t\n\n\n\n\n\t\t<\/div>\n\t\t\t\t\t<\/div>\n\n\t\n\n\t<div id=\"col-2043468235\" class=\"col medium-6 small-12 large-4\"  >\n\t\t\t\t<div class=\"col-inner\"  >\n\t\t\t\n\t\t\t\n\n\n\n\n\t\t<\/div>\n\t\t\t\t\t<\/div>\n\n\t\n\n\t<div id=\"col-836580672\" class=\"col medium-6 small-12 large-4\"  >\n\t\t\t\t<div class=\"col-inner\"  >\n\t\t\t\n\t\t\t\n\n\n\n\n\t\t<\/div>\n\t\t\t\t\t<\/div>\n\n\t\n\n\t<div id=\"col-1905033648\" class=\"col medium-6 small-12 large-4\"  >\n\t\t\t\t<div class=\"col-inner text-center\"  >\n\t\t\t\n\t\t\t\n\n\n\n\n\t\t<\/div>\n\t\t\t\t\t<\/div>\n\n\t\n\n\t<div id=\"col-599832741\" class=\"col medium-6 small-12 large-4\"  >\n\t\t\t\t<div class=\"col-inner\"  >\n\t\t\t\n\t\t\t\n\n\n\n\n\t\t<\/div>\n\t\t\t\t\t<\/div>\n\n\t\n\n\t<div id=\"col-345443522\" class=\"col medium-6 small-12 large-4\"  >\n\t\t\t\t<div class=\"col-inner\"  >\n\t\t\t\n\t\t\t\n\n\n\n\n\t\t<\/div>\n\t\t\t\t\t<\/div>\n\n\t\n\n\t<div id=\"col-268535872\" class=\"col medium-6 small-12 large-4\"  >\n\t\t\t\t<div class=\"col-inner text-center\"  >\n\t\t\t\n\t\t\t\n\n\n\n\n\t\t<\/div>\n\t\t\t\t\t<\/div>\n\n\t\n\n\t<div id=\"col-1852055686\" class=\"col medium-6 small-12 large-4\"  >\n\t\t\t\t<div class=\"col-inner\"  >\n\t\t\t\n\t\t\t\n\n\n\n\n\t\t<\/div>\n\t\t\t\t\t<\/div>\n\n\t\n\n\t<div id=\"col-1802141918\" class=\"col medium-6 small-12 large-4\"  >\n\t\t\t\t<div class=\"col-inner\"  >\n\t\t\t\n\t\t\t\n\n\n\n\n\t\t<\/div>\n\t\t\t\t\t<\/div>\n\n\t\n\n\t<div id=\"col-71704283\" class=\"col medium-6 small-12 large-4\"  >\n\t\t\t\t<div class=\"col-inner text-center\"  >\n\t\t\t\n\t\t\t\n\n\n\n\n\t\t<\/div>\n\t\t\t\t\t<\/div>\n\n\t\n\n\t<div id=\"col-705462827\" class=\"col medium-6 small-12 large-4\"  >\n\t\t\t\t<div class=\"col-inner text-center\"  >\n\t\t\t\n\t\t\t\n\n\n\n\n\t\t<\/div>\n\t\t\t\t\t<\/div>\n\n\t\n\n\t<div id=\"col-252665056\" class=\"col medium-6 small-12 large-4\"  >\n\t\t\t\t<div class=\"col-inner\"  >\n\t\t\t\n\t\t\t\n\n\n\n\n\t\t<\/div>\n\t\t\t\t\t<\/div>\n\n\t\n\n\t<div id=\"col-1303121983\" class=\"col medium-6 small-12 large-4\"  >\n\t\t\t\t<div class=\"col-inner\"  >\n\t\t\t\n\t\t\t\n\n\n\n\n\t\t<\/div>\n\t\t\t\t\t<\/div>\n\n\t\n\n\t<div id=\"col-873599587\" class=\"col medium-6 small-12 large-4\"  >\n\t\t\t\t<div class=\"col-inner text-center\"  >\n\t\t\t\n\t\t\t\n\n\n\n\n\t\t<\/div>\n\t\t\t\t\t<\/div>\n\n\t\n\n\t<div id=\"col-2092624345\" class=\"col medium-6 small-12 large-4\"  >\n\t\t\t\t<div class=\"col-inner\"  >\n\t\t\t\n\t\t\t\n\n\n\n\n\t\t<\/div>\n\t\t\t\t\t<\/div>\n\n\t\n\n\t<div id=\"col-1340241656\" class=\"col medium-6 small-12 large-4\"  >\n\t\t\t\t<div class=\"col-inner\"  >\n\t\t\t\n\t\t\t\n\n\n\n\n\t\t<\/div>\n\t\t\t\t\t<\/div>\n\n\t\n\n\t<div id=\"col-243434522\" class=\"col medium-6 small-12 large-4\"  >\n\t\t\t\t<div class=\"col-inner\"  >\n\t\t\t\n\t\t\t\n\n\n\n\n\t\t<\/div>\n\t\t\t\t\t<\/div>\n\n\t\n\n\t<div id=\"col-1807124530\" class=\"col medium-6 small-12 large-4\"  >\n\t\t\t\t<div class=\"col-inner text-center\"  >\n\t\t\t\n\t\t\t\n\n\n\n\n\t\t<\/div>\n\t\t\t\t\t<\/div>\n\n\t\n\n\t<div id=\"col-1477927194\" class=\"col medium-6 small-12 large-4\"  >\n\t\t\t\t<div class=\"col-inner\"  >\n\t\t\t\n\t\t\t\n\n\n\n\n\t\t<\/div>\n\t\t\t\t\t<\/div>\n\n\t\n\n\t<div id=\"col-280811529\" class=\"col medium-6 small-12 large-4\"  >\n\t\t\t\t<div class=\"col-inner\"  >\n\t\t\t\n\t\t\t\n\n\n\n\n\t\t<\/div>\n\t\t\t\t\t<\/div>\n\n\t\n\n\n<style>\n#row-860083272 > .col > .col-inner {\n  padding: 0px 70px 0px 70px;\n}\n@media (min-width:550px) {\n  #row-860083272 > .col > .col-inner {\n    padding: 0px 0px 0px 0px;\n  }\n}\n<\/style>\n<\/div>\n\n\t\t<\/div>\n\n\t\t\n<style>\n#section_1350268660 {\n  padding-top: 105px;\n  padding-bottom: 105px;\n  margin-bottom: 0px;\n  background-color: rgb(255,255,255);\n}\n<\/style>\n\t<\/section>\n\t\n\n","protected":false},"excerpt":{"rendered":"","protected":false},"author":1,"featured_media":0,"parent":4663,"menu_order":1,"comment_status":"closed","ping_status":"closed","template":"","meta":{"footnotes":""},"class_list":["post-4667","page","type-page","status-publish","hentry"],"yoast_head":"<!-- This site is optimized with the Yoast SEO plugin v27.4 - https:\/\/yoast.com\/product\/yoast-seo-wordpress\/ -->\n<title>customer testimonials on advertising agency enivo<\/title>\n<meta name=\"description\" content=\"customer testimonials on working with enivo. A small number of our customers have provided formal, signed testimonials.\" \/>\n<meta name=\"robots\" content=\"index, follow, max-snippet:-1, max-image-preview:large, max-video-preview:-1\" \/>\n<link rel=\"canonical\" href=\"https:\/\/enivo.eu\/en\/about-enivo\/testimonials\/\" \/>\n<meta property=\"og:locale\" content=\"en_US\" \/>\n<meta property=\"og:type\" content=\"article\" \/>\n<meta property=\"og:title\" content=\"customer testimonials on advertising agency enivo\" \/>\n<meta property=\"og:description\" content=\"customer testimonials on working with enivo. A small number of our customers have provided formal, signed testimonials.\" \/>\n<meta property=\"og:url\" content=\"https:\/\/enivo.eu\/en\/about-enivo\/testimonials\/\" \/>\n<meta property=\"og:site_name\" content=\"enivo\" \/>\n<meta property=\"article:publisher\" content=\"https:\/\/www.facebook.com\/enivo.eu\/\" \/>\n<meta property=\"article:modified_time\" content=\"2025-02-25T13:43:53+00:00\" \/>\n<meta name=\"twitter:card\" content=\"summary_large_image\" \/>\n<script type=\"application\/ld+json\" class=\"yoast-schema-graph\">{\"@context\":\"https:\\\/\\\/schema.org\",\"@graph\":[{\"@type\":\"WebPage\",\"@id\":\"https:\\\/\\\/enivo.eu\\\/en\\\/about-enivo\\\/testimonials\\\/\",\"url\":\"https:\\\/\\\/enivo.eu\\\/en\\\/about-enivo\\\/testimonials\\\/\",\"name\":\"customer testimonials on advertising agency enivo\",\"isPartOf\":{\"@id\":\"https:\\\/\\\/enivo.eu\\\/en\\\/#website\"},\"datePublished\":\"2022-08-17T08:49:52+00:00\",\"dateModified\":\"2025-02-25T13:43:53+00:00\",\"description\":\"customer testimonials on working with enivo. A small number of our customers have provided formal, signed testimonials.\",\"breadcrumb\":{\"@id\":\"https:\\\/\\\/enivo.eu\\\/en\\\/about-enivo\\\/testimonials\\\/#breadcrumb\"},\"inLanguage\":\"en-US\",\"potentialAction\":[{\"@type\":\"ReadAction\",\"target\":[\"https:\\\/\\\/enivo.eu\\\/en\\\/about-enivo\\\/testimonials\\\/\"]}]},{\"@type\":\"BreadcrumbList\",\"@id\":\"https:\\\/\\\/enivo.eu\\\/en\\\/about-enivo\\\/testimonials\\\/#breadcrumb\",\"itemListElement\":[{\"@type\":\"ListItem\",\"position\":1,\"name\":\"Home\",\"item\":\"https:\\\/\\\/enivo.eu\\\/en\\\/enivo-2\\\/\"},{\"@type\":\"ListItem\",\"position\":2,\"name\":\"about enivo\",\"item\":\"https:\\\/\\\/enivo.eu\\\/en\\\/par-enivo\\\/\"},{\"@type\":\"ListItem\",\"position\":3,\"name\":\"testimonials\"}]},{\"@type\":\"WebSite\",\"@id\":\"https:\\\/\\\/enivo.eu\\\/en\\\/#website\",\"url\":\"https:\\\/\\\/enivo.eu\\\/en\\\/\",\"name\":\"enivo\",\"description\":\"Digit\u0101lie, Poligr\u0101fijas un Drukas Pakalpojumi - A\u0123ent\u016bra enivo\",\"publisher\":{\"@id\":\"https:\\\/\\\/enivo.eu\\\/en\\\/#organization\"},\"potentialAction\":[{\"@type\":\"SearchAction\",\"target\":{\"@type\":\"EntryPoint\",\"urlTemplate\":\"https:\\\/\\\/enivo.eu\\\/en\\\/?s={search_term_string}\"},\"query-input\":{\"@type\":\"PropertyValueSpecification\",\"valueRequired\":true,\"valueName\":\"search_term_string\"}}],\"inLanguage\":\"en-US\"},{\"@type\":\"Organization\",\"@id\":\"https:\\\/\\\/enivo.eu\\\/en\\\/#organization\",\"name\":\"enivo\",\"url\":\"https:\\\/\\\/enivo.eu\\\/en\\\/\",\"logo\":{\"@type\":\"ImageObject\",\"inLanguage\":\"en-US\",\"@id\":\"https:\\\/\\\/enivo.eu\\\/en\\\/#\\\/schema\\\/logo\\\/image\\\/\",\"url\":\"https:\\\/\\\/enivo.eu\\\/wp-content\\\/uploads\\\/2022\\\/02\\\/enivo-logo-color.png\",\"contentUrl\":\"https:\\\/\\\/enivo.eu\\\/wp-content\\\/uploads\\\/2022\\\/02\\\/enivo-logo-color.png\",\"width\":172,\"height\":60,\"caption\":\"enivo\"},\"image\":{\"@id\":\"https:\\\/\\\/enivo.eu\\\/en\\\/#\\\/schema\\\/logo\\\/image\\\/\"},\"sameAs\":[\"https:\\\/\\\/www.facebook.com\\\/enivo.eu\\\/\",\"https:\\\/\\\/www.instagram.com\\\/enivo.eu\\\/\",\"https:\\\/\\\/www.linkedin.com\\\/company\\\/enivo-eu\",\"https:\\\/\\\/www.youtube.com\\\/poligrafija\"]}]}<\/script>\n<!-- \/ Yoast SEO plugin. -->","yoast_head_json":{"title":"customer testimonials on advertising agency enivo","description":"customer testimonials on working with enivo. A small number of our customers have provided formal, signed testimonials.","robots":{"index":"index","follow":"follow","max-snippet":"max-snippet:-1","max-image-preview":"max-image-preview:large","max-video-preview":"max-video-preview:-1"},"canonical":"https:\/\/enivo.eu\/en\/about-enivo\/testimonials\/","og_locale":"en_US","og_type":"article","og_title":"customer testimonials on advertising agency enivo","og_description":"customer testimonials on working with enivo. A small number of our customers have provided formal, signed testimonials.","og_url":"https:\/\/enivo.eu\/en\/about-enivo\/testimonials\/","og_site_name":"enivo","article_publisher":"https:\/\/www.facebook.com\/enivo.eu\/","article_modified_time":"2025-02-25T13:43:53+00:00","twitter_card":"summary_large_image","schema":{"@context":"https:\/\/schema.org","@graph":[{"@type":"WebPage","@id":"https:\/\/enivo.eu\/en\/about-enivo\/testimonials\/","url":"https:\/\/enivo.eu\/en\/about-enivo\/testimonials\/","name":"customer testimonials on advertising agency enivo","isPartOf":{"@id":"https:\/\/enivo.eu\/en\/#website"},"datePublished":"2022-08-17T08:49:52+00:00","dateModified":"2025-02-25T13:43:53+00:00","description":"customer testimonials on working with enivo. A small number of our customers have provided formal, signed testimonials.","breadcrumb":{"@id":"https:\/\/enivo.eu\/en\/about-enivo\/testimonials\/#breadcrumb"},"inLanguage":"en-US","potentialAction":[{"@type":"ReadAction","target":["https:\/\/enivo.eu\/en\/about-enivo\/testimonials\/"]}]},{"@type":"BreadcrumbList","@id":"https:\/\/enivo.eu\/en\/about-enivo\/testimonials\/#breadcrumb","itemListElement":[{"@type":"ListItem","position":1,"name":"Home","item":"https:\/\/enivo.eu\/en\/enivo-2\/"},{"@type":"ListItem","position":2,"name":"about enivo","item":"https:\/\/enivo.eu\/en\/par-enivo\/"},{"@type":"ListItem","position":3,"name":"testimonials"}]},{"@type":"WebSite","@id":"https:\/\/enivo.eu\/en\/#website","url":"https:\/\/enivo.eu\/en\/","name":"enivo","description":"Digit\u0101lie, Poligr\u0101fijas un Drukas Pakalpojumi - A\u0123ent\u016bra enivo","publisher":{"@id":"https:\/\/enivo.eu\/en\/#organization"},"potentialAction":[{"@type":"SearchAction","target":{"@type":"EntryPoint","urlTemplate":"https:\/\/enivo.eu\/en\/?s={search_term_string}"},"query-input":{"@type":"PropertyValueSpecification","valueRequired":true,"valueName":"search_term_string"}}],"inLanguage":"en-US"},{"@type":"Organization","@id":"https:\/\/enivo.eu\/en\/#organization","name":"enivo","url":"https:\/\/enivo.eu\/en\/","logo":{"@type":"ImageObject","inLanguage":"en-US","@id":"https:\/\/enivo.eu\/en\/#\/schema\/logo\/image\/","url":"https:\/\/enivo.eu\/wp-content\/uploads\/2022\/02\/enivo-logo-color.png","contentUrl":"https:\/\/enivo.eu\/wp-content\/uploads\/2022\/02\/enivo-logo-color.png","width":172,"height":60,"caption":"enivo"},"image":{"@id":"https:\/\/enivo.eu\/en\/#\/schema\/logo\/image\/"},"sameAs":["https:\/\/www.facebook.com\/enivo.eu\/","https:\/\/www.instagram.com\/enivo.eu\/","https:\/\/www.linkedin.com\/company\/enivo-eu","https:\/\/www.youtube.com\/poligrafija"]}]}},"_links":{"self":[{"href":"https:\/\/enivo.eu\/en\/wp-json\/wp\/v2\/pages\/4667","targetHints":{"allow":["GET"]}}],"collection":[{"href":"https:\/\/enivo.eu\/en\/wp-json\/wp\/v2\/pages"}],"about":[{"href":"https:\/\/enivo.eu\/en\/wp-json\/wp\/v2\/types\/page"}],"author":[{"embeddable":true,"href":"https:\/\/enivo.eu\/en\/wp-json\/wp\/v2\/users\/1"}],"replies":[{"embeddable":true,"href":"https:\/\/enivo.eu\/en\/wp-json\/wp\/v2\/comments?post=4667"}],"version-history":[{"count":8,"href":"https:\/\/enivo.eu\/en\/wp-json\/wp\/v2\/pages\/4667\/revisions"}],"predecessor-version":[{"id":5562,"href":"https:\/\/enivo.eu\/en\/wp-json\/wp\/v2\/pages\/4667\/revisions\/5562"}],"up":[{"embeddable":true,"href":"https:\/\/enivo.eu\/en\/wp-json\/wp\/v2\/pages\/4663"}],"wp:attachment":[{"href":"https:\/\/enivo.eu\/en\/wp-json\/wp\/v2\/media?parent=4667"}],"curies":[{"name":"wp","href":"https:\/\/api.w.org\/{rel}","templated":true}]}}