{"id":4681,"date":"2022-08-17T08:48:22","date_gmt":"2022-08-17T08:48:22","guid":{"rendered":"https:\/\/enivo.eu\/about-enivo\/about-us\/"},"modified":"2023-07-31T05:16:24","modified_gmt":"2023-07-31T05:16:24","slug":"about-us","status":"publish","type":"page","link":"https:\/\/enivo.eu\/en\/about-enivo\/about-us\/","title":{"rendered":"about us"},"content":{"rendered":"\n\n\t<section class=\"section\" id=\"section_1936929314\">\n\t\t<div class=\"section-bg fill\" >\n\t\t\t\t\t\t\t\t\t\n\t\t\t\n\n\t\t<\/div>\n\n\t\t\n\n\t\t<div class=\"section-content relative\">\n\t\t\t\n\n<div class=\"row align-center\"  id=\"row-511026872\">\n\n\n\t<div id=\"col-682403271\" class=\"col small-12 large-12\"  >\n\t\t\t\t<div class=\"col-inner text-center\"  >\n\t\t\t\n\t\t\t\n\n<div class=\"container section-title-container\" ><h2 class=\"section-title section-title-center\"><b aria-hidden=\"true\"><\/b><span class=\"section-title-main\" style=\"font-size:140%;\">about us<\/span><b aria-hidden=\"true\"><\/b><\/h2><\/div>\n\n<div class=\"row section-row\"  id=\"row-301284141\">\n\n\n\t<div id=\"col-1467023160\" class=\"col medium-12 small-12 large-4\"  >\n\t\t\t\t<div class=\"col-inner text-left\"  >\n\t\t\t\n\t\t\t\n\n<div class=\"container section-title-container h-after-pic\" ><h3 class=\"section-title section-title-normal\"><b aria-hidden=\"true\"><\/b><span class=\"section-title-main\" style=\"font-size:140%;\">enivo history<\/span><b aria-hidden=\"true\"><\/b><\/h3><\/div>\n\n<p>Established in 2007 as SIA &#8220;Hromets poligr\u0101fija&#8221;. In 2012 we started to specialise and offer our clients also various digital services.<\/p>\n<p>On 25th of May 2021, we made the long-planned rebranding and company name change and became the<strong> advertising agency &#8220;enivo&#8221;<\/strong>.<\/p>\n<p>Our experience to date has made an invaluable contribution to enivo&#8217;s growth. We have grown from a small company to one of the biggest players in our niche and we are not going to stop. We would like to thank all our clients for allowing us to assist them in countless marketing projects.<\/p>\n\n\t\t<\/div>\n\t\t\t\t\t<\/div>\n\n\t\n\n\t<div id=\"col-956444711\" class=\"col medium-12 small-12 large-8 medium-col-first\"  >\n\t\t\t\t<div class=\"col-inner text-left\"  >\n\t\t\t\n\t\t\t\n\n\t<div class=\"img has-hover x md-x lg-x y md-y lg-y\" id=\"image_1695256766\">\n\t\t\t\t\t\t\t\t<div class=\"img-inner dark\" >\n\t\t\t<img loading=\"lazy\" decoding=\"async\" width=\"884\" height=\"474\" src=\"https:\/\/enivo.eu\/wp-content\/uploads\/2022\/08\/par-mums-884x474px-1.jpg\" class=\"attachment-large size-large\" alt=\"\" srcset=\"https:\/\/enivo.eu\/wp-content\/uploads\/2022\/08\/par-mums-884x474px-1.jpg 884w, https:\/\/enivo.eu\/wp-content\/uploads\/2022\/08\/par-mums-884x474px-1-746x400.jpg 746w, https:\/\/enivo.eu\/wp-content\/uploads\/2022\/08\/par-mums-884x474px-1-768x412.jpg 768w\" sizes=\"auto, (max-width: 884px) 100vw, 884px\" \/>\t\t\t\t\t\t\n\t\t\t\t\t<\/div>\n\t\t\t\t\t\t\t\t\n<style>\n#image_1695256766 {\n  width: 100%;\n}\n<\/style>\n\t<\/div>\n\t\n\n\n\t\t<\/div>\n\t\t\t\t\t<\/div>\n\n\t\n\n<\/div>\n<div class=\"row section-row\"  id=\"row-1907799255\">\n\n\n\t<div id=\"col-174176549\" class=\"col medium-12 small-12 large-8 medium-col-first\"  >\n\t\t\t\t<div class=\"col-inner\"  >\n\t\t\t\n\t\t\t\n\n\t<div class=\"img has-hover x md-x lg-x y md-y lg-y\" id=\"image_793941534\">\n\t\t\t\t\t\t\t\t<div class=\"img-inner dark\" >\n\t\t\t<img loading=\"lazy\" decoding=\"async\" width=\"884\" height=\"474\" src=\"https:\/\/enivo.eu\/wp-content\/uploads\/2022\/08\/par-mums-884x474px-2.jpg\" class=\"attachment-large size-large\" alt=\"\" srcset=\"https:\/\/enivo.eu\/wp-content\/uploads\/2022\/08\/par-mums-884x474px-2.jpg 884w, https:\/\/enivo.eu\/wp-content\/uploads\/2022\/08\/par-mums-884x474px-2-746x400.jpg 746w, https:\/\/enivo.eu\/wp-content\/uploads\/2022\/08\/par-mums-884x474px-2-768x412.jpg 768w\" sizes=\"auto, (max-width: 884px) 100vw, 884px\" \/>\t\t\t\t\t\t\n\t\t\t\t\t<\/div>\n\t\t\t\t\t\t\t\t\n<style>\n#image_793941534 {\n  width: 100%;\n}\n<\/style>\n\t<\/div>\n\t\n\n\n\t\t<\/div>\n\t\t\t\t\t<\/div>\n\n\t\n\n\t<div id=\"col-1251193037\" class=\"col medium-12 small-12 large-4\"  >\n\t\t\t\t<div class=\"col-inner text-left\"  >\n\t\t\t\n\t\t\t\n\n<div class=\"container section-title-container h-after-pic\" ><h3 class=\"section-title section-title-normal\"><b aria-hidden=\"true\"><\/b><span class=\"section-title-main\" style=\"font-size:140%;\">enivo mission<\/span><b aria-hidden=\"true\"><\/b><\/h3><\/div>\n\n<p>Our mission is &#8220;to create excitement&#8221;. To create excitement for everyone who comes to us. We do this through humanity and honesty, fast communication, unparalleled service and excellent quality that meets our customers&#8217; requirements. We want to delight not only our customers, but also our employees and partners!<\/p>\n<p>&#8220;To create excitement&#8221;&nbsp; these are not just words. It is an energy that permeates enivo. It is the employees who radiate this energy with confidence and focus. It is the customers and partners who feel it.<\/p>\n\n\t\t<\/div>\n\t\t\t\t\t<\/div>\n\n\t\n\n<\/div>\n<div class=\"row section-row\"  id=\"row-972632894\">\n\n\n\t<div id=\"col-2104575969\" class=\"col small-12 large-12\"  >\n\t\t\t\t<div class=\"col-inner\"  >\n\t\t\t\n\t\t\t\n\n\n\n\t\t<\/div>\n\t\t\t\t\n<style>\n#col-2104575969 > .col-inner {\n  padding: 20px 0px 20px 0px;\n}\n<\/style>\n\t<\/div>\n\n\t\n\n\n<style>\n#row-972632894 > .col > .col-inner {\n  background-color: #e4004f;\n}\n<\/style>\n<\/div>\n<div class=\"row section-row\"  id=\"row-1027610672\">\n\n\n\t<div id=\"col-51858023\" class=\"col medium-12 small-12 large-4\"  >\n\t\t\t\t<div class=\"col-inner text-left\"  >\n\t\t\t\n\t\t\t\n\n<div class=\"container section-title-container h-after-pic\" ><h3 class=\"section-title section-title-normal\"><b aria-hidden=\"true\"><\/b><span class=\"section-title-main\" style=\"font-size:140%;\">enivo team<\/span><b aria-hidden=\"true\"><\/b><\/h3><\/div>\n\n<p>Without employees, there is no business. Without a team, there is no stability and growth. Employees are not just defined by their job or profession \u2013 they are living people, individuals with their own personalities, interests and motivations. enivo values its employees and does everything to ensure they are happy at work and able to work as a team. Only by helping and supporting each other can people do their work effectively and be satisfied with the results.<\/p>\n<p>enivo employees are always developing and improving, both as professionals in their field and as individuals. It is this constant personal development that guarantees enivo&#8217;s stability and efficiency as a company.<\/p>\n\n\t\t<\/div>\n\t\t\t\t\t<\/div>\n\n\t\n\n\t<div id=\"col-1476972568\" class=\"col medium-12 small-12 large-8 medium-col-first\"  >\n\t\t\t\t<div class=\"col-inner text-left\"  >\n\t\t\t\n\t\t\t\n\n\t<div class=\"img has-hover x md-x lg-x y md-y lg-y\" id=\"image_2121970498\">\n\t\t\t\t\t\t\t\t<div class=\"img-inner dark\" >\n\t\t\t<img loading=\"lazy\" decoding=\"async\" width=\"884\" height=\"474\" src=\"https:\/\/enivo.eu\/wp-content\/uploads\/2022\/10\/par-mums-884x474px-komanda-1.jpg\" class=\"attachment-original size-original\" alt=\"\" srcset=\"https:\/\/enivo.eu\/wp-content\/uploads\/2022\/10\/par-mums-884x474px-komanda-1.jpg 884w, https:\/\/enivo.eu\/wp-content\/uploads\/2022\/10\/par-mums-884x474px-komanda-1-746x400.jpg 746w, https:\/\/enivo.eu\/wp-content\/uploads\/2022\/10\/par-mums-884x474px-komanda-1-768x412.jpg 768w\" sizes=\"auto, (max-width: 884px) 100vw, 884px\" \/>\t\t\t\t\t\t\n\t\t\t\t\t<\/div>\n\t\t\t\t\t\t\t\t\n<style>\n#image_2121970498 {\n  width: 100%;\n}\n<\/style>\n\t<\/div>\n\t\n\n\n\t\t<\/div>\n\t\t\t\t\n<style>\n#col-1476972568 > .col-inner {\n  padding: 0 0px 0px 0px;\n  margin: 0 0px 0px 0px;\n}\n<\/style>\n\t<\/div>\n\n\t\n\n<\/div>\n<div class=\"row section-row\"  id=\"row-102014151\">\n\n\n\t<div id=\"col-567662930\" class=\"col hide-for-small medium-12 small-12 large-8 medium-col-first\"  >\n\t\t\t\t<div class=\"col-inner\"  >\n\t\t\t\n\t\t\t\n\n\t<div class=\"img has-hover x md-x lg-x y md-y lg-y\" id=\"image_579223908\">\n\t\t\t\t\t\t\t\t<div class=\"img-inner dark\" >\n\t\t\t<img loading=\"lazy\" decoding=\"async\" width=\"884\" height=\"474\" src=\"https:\/\/enivo.eu\/wp-content\/uploads\/2022\/08\/par-mums-884x474px-izdevigums.jpg\" class=\"attachment-large size-large\" alt=\"\" srcset=\"https:\/\/enivo.eu\/wp-content\/uploads\/2022\/08\/par-mums-884x474px-izdevigums.jpg 884w, https:\/\/enivo.eu\/wp-content\/uploads\/2022\/08\/par-mums-884x474px-izdevigums-746x400.jpg 746w, https:\/\/enivo.eu\/wp-content\/uploads\/2022\/08\/par-mums-884x474px-izdevigums-768x412.jpg 768w\" sizes=\"auto, (max-width: 884px) 100vw, 884px\" \/>\t\t\t\t\t\t\n\t\t\t\t\t<\/div>\n\t\t\t\t\t\t\t\t\n<style>\n#image_579223908 {\n  width: 100%;\n}\n<\/style>\n\t<\/div>\n\t\n\n\n\t\t<\/div>\n\t\t\t\t\t<\/div>\n\n\t\n\n\t<div id=\"col-544732453\" class=\"col medium-12 small-12 large-4\"  >\n\t\t\t\t<div class=\"col-inner text-left\"  >\n\t\t\t\n\t\t\t\n\n\t<div class=\"img has-hover show-for-small x md-x lg-x y md-y lg-y\" id=\"image_576954084\">\n\t\t\t\t\t\t\t\t<div class=\"img-inner dark\" >\n\t\t\t<img loading=\"lazy\" decoding=\"async\" width=\"884\" height=\"474\" src=\"https:\/\/enivo.eu\/wp-content\/uploads\/2022\/08\/par-mums-884x474px-izdevigums.jpg\" class=\"attachment-large size-large\" alt=\"\" srcset=\"https:\/\/enivo.eu\/wp-content\/uploads\/2022\/08\/par-mums-884x474px-izdevigums.jpg 884w, https:\/\/enivo.eu\/wp-content\/uploads\/2022\/08\/par-mums-884x474px-izdevigums-746x400.jpg 746w, https:\/\/enivo.eu\/wp-content\/uploads\/2022\/08\/par-mums-884x474px-izdevigums-768x412.jpg 768w\" sizes=\"auto, (max-width: 884px) 100vw, 884px\" \/>\t\t\t\t\t\t\n\t\t\t\t\t<\/div>\n\t\t\t\t\t\t\t\t\n<style>\n#image_576954084 {\n  width: 100%;\n}\n<\/style>\n\t<\/div>\n\t\n\n<div class=\"container section-title-container h-after-pic\" ><h3 class=\"section-title section-title-normal\"><b aria-hidden=\"true\"><\/b><span class=\"section-title-main\" style=\"font-size:140%;\">Your benefits from cooperation<\/span><b aria-hidden=\"true\"><\/b><\/h3><\/div>\n\n<p>We cannot list all the benefits, as each company has its own requirements and preferences when it comes to choosing a stable long-term partner. But here are some of them:<\/p>\n<ul>\n<li>you can order a wide range of digital products and print materials in one place<\/li>\n<li>we won&#8217;t disappear, because we&#8217;ve been on the market for more than 16 years \u2013 stable, secure and 100% legal<\/li>\n<li>enivo&#8217;s employees are constantly improving their skills and strictly pay attention to confidentiality<\/li>\n<li>your files are safe because we can always go back to any project you&#8217;ve done in the past<\/li>\n<\/ul>\n\n\t\t<\/div>\n\t\t\t\t\t<\/div>\n\n\t\n\n<\/div>\n\n\t\t<\/div>\n\t\t\t\t\t<\/div>\n\n\t\n\n\n<style>\n#row-511026872 > .col > .col-inner {\n  padding: 105px 0px 114px 0px;\n}\n<\/style>\n<\/div>\n\n\t\t<\/div>\n\n\t\t\n<style>\n#section_1936929314 {\n  padding-top: 0px;\n  padding-bottom: 0px;\n  background-color: rgb(255,255,255);\n}\n<\/style>\n\t<\/section>\n\t\n\n","protected":false},"excerpt":{"rendered":"","protected":false},"author":1,"featured_media":0,"parent":4663,"menu_order":4,"comment_status":"closed","ping_status":"closed","template":"","meta":{"footnotes":""},"class_list":["post-4681","page","type-page","status-publish","hentry"],"yoast_head":"<!-- This site is optimized with the Yoast SEO plugin v27.4 - https:\/\/yoast.com\/product\/yoast-seo-wordpress\/ -->\n<title>about advertising agency enivo<\/title>\n<meta name=\"description\" content=\"A little insight into advertising agencies enivo. Your benefits from cooperation. What is enivo&#039;s mission. Come in and find out more!\" \/>\n<meta name=\"robots\" content=\"index, follow, max-snippet:-1, max-image-preview:large, max-video-preview:-1\" \/>\n<link rel=\"canonical\" href=\"https:\/\/enivo.eu\/en\/about-enivo\/about-us\/\" \/>\n<meta property=\"og:locale\" content=\"en_US\" \/>\n<meta property=\"og:type\" content=\"article\" \/>\n<meta property=\"og:title\" content=\"about advertising agency enivo\" \/>\n<meta property=\"og:description\" content=\"A little insight into advertising agencies enivo. Your benefits from cooperation. What is enivo&#039;s mission. Come in and find out more!\" \/>\n<meta property=\"og:url\" content=\"https:\/\/enivo.eu\/en\/about-enivo\/about-us\/\" \/>\n<meta property=\"og:site_name\" content=\"enivo\" \/>\n<meta property=\"article:publisher\" content=\"https:\/\/www.facebook.com\/enivo.eu\/\" \/>\n<meta property=\"article:modified_time\" content=\"2023-07-31T05:16:24+00:00\" \/>\n<meta name=\"twitter:card\" content=\"summary_large_image\" \/>\n<meta name=\"twitter:label1\" content=\"Est. reading time\" \/>\n\t<meta name=\"twitter:data1\" content=\"3 minutes\" \/>\n<script type=\"application\/ld+json\" class=\"yoast-schema-graph\">{\"@context\":\"https:\\\/\\\/schema.org\",\"@graph\":[{\"@type\":\"WebPage\",\"@id\":\"https:\\\/\\\/enivo.eu\\\/en\\\/about-enivo\\\/about-us\\\/\",\"url\":\"https:\\\/\\\/enivo.eu\\\/en\\\/about-enivo\\\/about-us\\\/\",\"name\":\"about advertising agency enivo\",\"isPartOf\":{\"@id\":\"https:\\\/\\\/enivo.eu\\\/en\\\/#website\"},\"datePublished\":\"2022-08-17T08:48:22+00:00\",\"dateModified\":\"2023-07-31T05:16:24+00:00\",\"description\":\"A little insight into advertising agencies enivo. Your benefits from cooperation. What is enivo's mission. Come in and find out more!\",\"breadcrumb\":{\"@id\":\"https:\\\/\\\/enivo.eu\\\/en\\\/about-enivo\\\/about-us\\\/#breadcrumb\"},\"inLanguage\":\"en-US\",\"potentialAction\":[{\"@type\":\"ReadAction\",\"target\":[\"https:\\\/\\\/enivo.eu\\\/en\\\/about-enivo\\\/about-us\\\/\"]}]},{\"@type\":\"BreadcrumbList\",\"@id\":\"https:\\\/\\\/enivo.eu\\\/en\\\/about-enivo\\\/about-us\\\/#breadcrumb\",\"itemListElement\":[{\"@type\":\"ListItem\",\"position\":1,\"name\":\"Home\",\"item\":\"https:\\\/\\\/enivo.eu\\\/en\\\/enivo-2\\\/\"},{\"@type\":\"ListItem\",\"position\":2,\"name\":\"about enivo\",\"item\":\"https:\\\/\\\/enivo.eu\\\/en\\\/par-enivo\\\/\"},{\"@type\":\"ListItem\",\"position\":3,\"name\":\"about us\"}]},{\"@type\":\"WebSite\",\"@id\":\"https:\\\/\\\/enivo.eu\\\/en\\\/#website\",\"url\":\"https:\\\/\\\/enivo.eu\\\/en\\\/\",\"name\":\"enivo\",\"description\":\"Digit\u0101lie, Poligr\u0101fijas un Drukas Pakalpojumi - A\u0123ent\u016bra enivo\",\"publisher\":{\"@id\":\"https:\\\/\\\/enivo.eu\\\/en\\\/#organization\"},\"potentialAction\":[{\"@type\":\"SearchAction\",\"target\":{\"@type\":\"EntryPoint\",\"urlTemplate\":\"https:\\\/\\\/enivo.eu\\\/en\\\/?s={search_term_string}\"},\"query-input\":{\"@type\":\"PropertyValueSpecification\",\"valueRequired\":true,\"valueName\":\"search_term_string\"}}],\"inLanguage\":\"en-US\"},{\"@type\":\"Organization\",\"@id\":\"https:\\\/\\\/enivo.eu\\\/en\\\/#organization\",\"name\":\"enivo\",\"url\":\"https:\\\/\\\/enivo.eu\\\/en\\\/\",\"logo\":{\"@type\":\"ImageObject\",\"inLanguage\":\"en-US\",\"@id\":\"https:\\\/\\\/enivo.eu\\\/en\\\/#\\\/schema\\\/logo\\\/image\\\/\",\"url\":\"https:\\\/\\\/enivo.eu\\\/wp-content\\\/uploads\\\/2022\\\/02\\\/enivo-logo-color.png\",\"contentUrl\":\"https:\\\/\\\/enivo.eu\\\/wp-content\\\/uploads\\\/2022\\\/02\\\/enivo-logo-color.png\",\"width\":172,\"height\":60,\"caption\":\"enivo\"},\"image\":{\"@id\":\"https:\\\/\\\/enivo.eu\\\/en\\\/#\\\/schema\\\/logo\\\/image\\\/\"},\"sameAs\":[\"https:\\\/\\\/www.facebook.com\\\/enivo.eu\\\/\",\"https:\\\/\\\/www.instagram.com\\\/enivo.eu\\\/\",\"https:\\\/\\\/www.linkedin.com\\\/company\\\/enivo-eu\",\"https:\\\/\\\/www.youtube.com\\\/poligrafija\"]}]}<\/script>\n<!-- \/ Yoast SEO plugin. -->","yoast_head_json":{"title":"about advertising agency enivo","description":"A little insight into advertising agencies enivo. Your benefits from cooperation. What is enivo's mission. Come in and find out more!","robots":{"index":"index","follow":"follow","max-snippet":"max-snippet:-1","max-image-preview":"max-image-preview:large","max-video-preview":"max-video-preview:-1"},"canonical":"https:\/\/enivo.eu\/en\/about-enivo\/about-us\/","og_locale":"en_US","og_type":"article","og_title":"about advertising agency enivo","og_description":"A little insight into advertising agencies enivo. Your benefits from cooperation. What is enivo's mission. Come in and find out more!","og_url":"https:\/\/enivo.eu\/en\/about-enivo\/about-us\/","og_site_name":"enivo","article_publisher":"https:\/\/www.facebook.com\/enivo.eu\/","article_modified_time":"2023-07-31T05:16:24+00:00","twitter_card":"summary_large_image","twitter_misc":{"Est. reading time":"3 minutes"},"schema":{"@context":"https:\/\/schema.org","@graph":[{"@type":"WebPage","@id":"https:\/\/enivo.eu\/en\/about-enivo\/about-us\/","url":"https:\/\/enivo.eu\/en\/about-enivo\/about-us\/","name":"about advertising agency enivo","isPartOf":{"@id":"https:\/\/enivo.eu\/en\/#website"},"datePublished":"2022-08-17T08:48:22+00:00","dateModified":"2023-07-31T05:16:24+00:00","description":"A little insight into advertising agencies enivo. Your benefits from cooperation. What is enivo's mission. Come in and find out more!","breadcrumb":{"@id":"https:\/\/enivo.eu\/en\/about-enivo\/about-us\/#breadcrumb"},"inLanguage":"en-US","potentialAction":[{"@type":"ReadAction","target":["https:\/\/enivo.eu\/en\/about-enivo\/about-us\/"]}]},{"@type":"BreadcrumbList","@id":"https:\/\/enivo.eu\/en\/about-enivo\/about-us\/#breadcrumb","itemListElement":[{"@type":"ListItem","position":1,"name":"Home","item":"https:\/\/enivo.eu\/en\/enivo-2\/"},{"@type":"ListItem","position":2,"name":"about enivo","item":"https:\/\/enivo.eu\/en\/par-enivo\/"},{"@type":"ListItem","position":3,"name":"about us"}]},{"@type":"WebSite","@id":"https:\/\/enivo.eu\/en\/#website","url":"https:\/\/enivo.eu\/en\/","name":"enivo","description":"Digit\u0101lie, Poligr\u0101fijas un Drukas Pakalpojumi - A\u0123ent\u016bra enivo","publisher":{"@id":"https:\/\/enivo.eu\/en\/#organization"},"potentialAction":[{"@type":"SearchAction","target":{"@type":"EntryPoint","urlTemplate":"https:\/\/enivo.eu\/en\/?s={search_term_string}"},"query-input":{"@type":"PropertyValueSpecification","valueRequired":true,"valueName":"search_term_string"}}],"inLanguage":"en-US"},{"@type":"Organization","@id":"https:\/\/enivo.eu\/en\/#organization","name":"enivo","url":"https:\/\/enivo.eu\/en\/","logo":{"@type":"ImageObject","inLanguage":"en-US","@id":"https:\/\/enivo.eu\/en\/#\/schema\/logo\/image\/","url":"https:\/\/enivo.eu\/wp-content\/uploads\/2022\/02\/enivo-logo-color.png","contentUrl":"https:\/\/enivo.eu\/wp-content\/uploads\/2022\/02\/enivo-logo-color.png","width":172,"height":60,"caption":"enivo"},"image":{"@id":"https:\/\/enivo.eu\/en\/#\/schema\/logo\/image\/"},"sameAs":["https:\/\/www.facebook.com\/enivo.eu\/","https:\/\/www.instagram.com\/enivo.eu\/","https:\/\/www.linkedin.com\/company\/enivo-eu","https:\/\/www.youtube.com\/poligrafija"]}]}},"_links":{"self":[{"href":"https:\/\/enivo.eu\/en\/wp-json\/wp\/v2\/pages\/4681","targetHints":{"allow":["GET"]}}],"collection":[{"href":"https:\/\/enivo.eu\/en\/wp-json\/wp\/v2\/pages"}],"about":[{"href":"https:\/\/enivo.eu\/en\/wp-json\/wp\/v2\/types\/page"}],"author":[{"embeddable":true,"href":"https:\/\/enivo.eu\/en\/wp-json\/wp\/v2\/users\/1"}],"replies":[{"embeddable":true,"href":"https:\/\/enivo.eu\/en\/wp-json\/wp\/v2\/comments?post=4681"}],"version-history":[{"count":10,"href":"https:\/\/enivo.eu\/en\/wp-json\/wp\/v2\/pages\/4681\/revisions"}],"predecessor-version":[{"id":5605,"href":"https:\/\/enivo.eu\/en\/wp-json\/wp\/v2\/pages\/4681\/revisions\/5605"}],"up":[{"embeddable":true,"href":"https:\/\/enivo.eu\/en\/wp-json\/wp\/v2\/pages\/4663"}],"wp:attachment":[{"href":"https:\/\/enivo.eu\/en\/wp-json\/wp\/v2\/media?parent=4681"}],"curies":[{"name":"wp","href":"https:\/\/api.w.org\/{rel}","templated":true}]}}