{"id":4687,"date":"2022-05-26T07:49:20","date_gmt":"2022-05-26T07:49:20","guid":{"rendered":"https:\/\/enivo.eu\/about-enivo\/values\/"},"modified":"2023-07-26T09:52:06","modified_gmt":"2023-07-26T09:52:06","slug":"values","status":"publish","type":"page","link":"https:\/\/enivo.eu\/en\/about-enivo\/values\/","title":{"rendered":"values"},"content":{"rendered":"\n\n\t<section class=\"section\" id=\"section_1241502250\">\n\t\t<div class=\"section-bg fill\" >\n\t\t\t\t\t\t\t\t\t\n\t\t\t\n\n\t\t<\/div>\n\n\t\t\n\n\t\t<div class=\"section-content relative\">\n\t\t\t\n\n<div class=\"row align-center\"  id=\"row-1453030032\">\n\n\n\t<div id=\"col-1055346466\" class=\"col small-12 large-12\"  >\n\t\t\t\t<div class=\"col-inner text-center\"  >\n\t\t\t\n\t\t\t\n\n<div class=\"container section-title-container\" ><h2 class=\"section-title section-title-center\"><b aria-hidden=\"true\"><\/b><span class=\"section-title-main\" style=\"font-size:140%;\">values<\/span><b aria-hidden=\"true\"><\/b><\/h2><\/div>\n\n<div class=\"row\"  id=\"row-232788824\">\n\n\n\t<div id=\"col-1246204879\" class=\"col hide-for-small medium-12 small-12 large-8 medium-col-first\"  >\n\t\t\t\t<div class=\"col-inner\"  >\n\t\t\t\n\t\t\t\n\n\t<div class=\"img has-hover x md-x lg-x y md-y lg-y\" id=\"image_1621796955\">\n\t\t\t\t\t\t\t\t<div class=\"img-inner dark\" >\n\t\t\t<img loading=\"lazy\" decoding=\"async\" width=\"888\" height=\"646\" src=\"https:\/\/enivo.eu\/wp-content\/uploads\/2022\/10\/vertibas-888x646px.jpg\" class=\"attachment-large size-large\" alt=\"\" srcset=\"https:\/\/enivo.eu\/wp-content\/uploads\/2022\/10\/vertibas-888x646px.jpg 888w, https:\/\/enivo.eu\/wp-content\/uploads\/2022\/10\/vertibas-888x646px-550x400.jpg 550w, https:\/\/enivo.eu\/wp-content\/uploads\/2022\/10\/vertibas-888x646px-768x559.jpg 768w\" sizes=\"auto, (max-width: 888px) 100vw, 888px\" \/>\t\t\t\t\t\t\n\t\t\t\t\t<\/div>\n\t\t\t\t\t\t\t\t\n<style>\n#image_1621796955 {\n  width: 100%;\n}\n<\/style>\n\t<\/div>\n\t\n\n\n\t\t<\/div>\n\t\t\t\t\t<\/div>\n\n\t\n\n\t<div id=\"col-1009487617\" class=\"col medium-12 small-12 large-4\"  >\n\t\t\t\t<div class=\"col-inner text-left\"  >\n\t\t\t\n\t\t\t\n\n\t<div class=\"img has-hover show-for-small x md-x lg-x y md-y lg-y\" id=\"image_1084068549\">\n\t\t\t\t\t\t\t\t<div class=\"img-inner dark\" >\n\t\t\t<img loading=\"lazy\" decoding=\"async\" width=\"888\" height=\"646\" src=\"https:\/\/enivo.eu\/wp-content\/uploads\/2022\/08\/vertibas-radit-sajusmu.jpg\" class=\"attachment-large size-large\" alt=\"\" srcset=\"https:\/\/enivo.eu\/wp-content\/uploads\/2022\/08\/vertibas-radit-sajusmu.jpg 888w, https:\/\/enivo.eu\/wp-content\/uploads\/2022\/08\/vertibas-radit-sajusmu-550x400.jpg 550w, https:\/\/enivo.eu\/wp-content\/uploads\/2022\/08\/vertibas-radit-sajusmu-768x559.jpg 768w\" sizes=\"auto, (max-width: 888px) 100vw, 888px\" \/>\t\t\t\t\t\t\n\t\t\t\t\t<\/div>\n\t\t\t\t\t\t\t\t\n<style>\n#image_1084068549 {\n  width: 100%;\n}\n<\/style>\n\t<\/div>\n\t\n\n<p>enivo values are our cornerstone, we stand and fall on them. They not only help us maintain a steady direction, but also build lasting relationships with colleagues, customers and partners. To paraphrase a popular saying, if we don&#8217;t stick to our values in our daily lives, we will bow to the smallest obstacle.<\/p>\n<p>Our professional values have evolved with us. You could even say that they have multiplied, because the previous values \u2013 quality, speed, development&nbsp; have not gone anywhere. Now, in addition to them, we are courageous, dynamic and creative.<\/p>\n<p>Our social values are stable and unchanged. They help us to be transparent with our customers, our partners and the state, and to remain human in the fast pace of everyday life.<\/p>\n<p>&nbsp;<\/p>\n\n\t\t<\/div>\n\t\t\t\t\t<\/div>\n\n\t\n\n\n<style>\n#row-232788824 > .col > .col-inner {\n  padding: 0 0px 0px 0px;\n}\n<\/style>\n<\/div>\n\n\t\t<\/div>\n\t\t\t\t\t<\/div>\n\n\t\n\n\n<style>\n#row-1453030032 > .col > .col-inner {\n  padding: 105px 0px 114px 0px;\n}\n<\/style>\n<\/div>\n\n\t\t<\/div>\n\n\t\t\n<style>\n#section_1241502250 {\n  padding-top: 0px;\n  padding-bottom: 0px;\n  background-color: rgb(255,255,255);\n}\n<\/style>\n\t<\/section>\n\t\n\n\t<section class=\"section atsauksmes-dark\" id=\"section_1738852673\">\n\t\t<div class=\"section-bg fill\" >\n\t\t\t\t\t\t\t\t\t<div class=\"section-bg-overlay absolute fill\"><\/div>\n\t\t\t\n\n\t\t<\/div>\n\n\t\t\n\n\t\t<div class=\"section-content relative\">\n\t\t\t\n\n<div class=\"row align-center\" style=\"max-width:1200px\" id=\"row-1378353231\">\n\n\n\t<div id=\"col-245560296\" class=\"col small-12 large-12\"  >\n\t\t\t\t<div class=\"col-inner text-center\"  >\n\t\t\t\n\t\t\t\n\n<div class=\"container section-title-container white-heading\" ><h2 class=\"section-title section-title-center\"><b aria-hidden=\"true\"><\/b><span class=\"section-title-main\" style=\"font-size:140%;color:rgb(255, 255, 255);\">professional values<\/span><b aria-hidden=\"true\"><\/b><\/h2><\/div>\n\n<div class=\"row row-large\"  id=\"row-1647340702\">\n\n\n\t<div id=\"col-1096933558\" class=\"col medium-4 small-12 large-4\"  >\n\t\t\t\t<div class=\"col-inner text-center\"  >\n\t\t\t\n\t\t\t\n\n<div style=\"color: white;\">\n<p style=\"font-size: 2em; text-align: center; text-transform: uppercase; font-family: 'Mont';\"><strong>Courageous<\/strong><\/p>\n<p>We are courageous because we are constantly stepping out of our comfort zone. We want to keep evolving and are always looking for ways to do so. We are constantly developing our competences and taking on new challenges. We are courageous to find and offer our clients the solutions that can help them best, even if they tend to be non-standard.<\/p>\n<\/div>\n\n\t\t<\/div>\n\t\t\t\t\t<\/div>\n\n\t\n\n\t<div id=\"col-356811533\" class=\"col medium-4 small-12 large-4\"  >\n\t\t\t\t<div class=\"col-inner\"  >\n\t\t\t\n\t\t\t\n\n<div style=\"color: white;\">\n<p style=\"font-size: 2em; text-align: center; text-transform: uppercase; font-family: 'Mont';\"><strong>Dynamic <\/strong><\/p>\n<p>We are dynamic because we keep up with the fast pace of life and our customers&#8217; demands. Work is always tight and tight deadlines are the order of the day. But that doesn&#8217;t scare us, because the work is never boring and no two projects are the same. Our everyday life is dynamic because every client and every project is unique, unique and dynamic. It is very satisfying to see the results.<\/p>\n<\/div>\n\n\t\t<\/div>\n\t\t\t\t\t<\/div>\n\n\t\n\n\t<div id=\"col-2059296972\" class=\"col medium-4 small-12 large-4\"  >\n\t\t\t\t<div class=\"col-inner\"  >\n\t\t\t\n\t\t\t\n\n<div style=\"color: white;\">\n<p style=\"font-size: 2em; text-align: center; text-transform: uppercase; font-family: 'Mont';\"><strong>Creative<\/strong><\/p>\n<p>Creativity is our everyday life. It&#8217;s not just the designers, it&#8217;s all the other people involved in the project. Creativity is not just the artistic thinking, vision and realisation, but the whole working process. Every single thing, every single element can be done creatively, which makes the whole process more interesting. It also allows each person to make an additional contribution, allowing them to express themselves in what they do best.<\/p>\n<\/div>\n\n\t\t<\/div>\n\t\t\t\t\t<\/div>\n\n\t\n\n<\/div>\n\n\t\t<\/div>\n\t\t\t\t\t<\/div>\n\n\t\n\n\n<style>\n#row-1378353231 > .col > .col-inner {\n  padding: 105px 0px 114px 0px;\n}\n<\/style>\n<\/div>\n\n\t\t<\/div>\n\n\t\t\n<style>\n#section_1738852673 {\n  padding-top: 0px;\n  padding-bottom: 0px;\n  background-color: rgb(255, 255, 255);\n}\n#section_1738852673 .section-bg-overlay {\n  background-color: #441a55;\n}\n<\/style>\n\t<\/section>\n\t\n\n\t<section class=\"section atsauksmes-dark\" id=\"section_1952373208\">\n\t\t<div class=\"section-bg fill\" >\n\t\t\t\t\t\t\t\t\t<div class=\"section-bg-overlay absolute fill\"><\/div>\n\t\t\t\n\n\t\t<\/div>\n\n\t\t\n\n\t\t<div class=\"section-content relative\">\n\t\t\t\n\n<div class=\"row align-center\"  id=\"row-1207959129\">\n\n\n\t<div id=\"col-293661227\" class=\"col small-12 large-12\"  >\n\t\t\t\t<div class=\"col-inner text-center\"  >\n\t\t\t\n\t\t\t\n\n<div class=\"container section-title-container white-heading\" ><h2 class=\"section-title section-title-center\"><b aria-hidden=\"true\"><\/b><span class=\"section-title-main\" style=\"font-size:140%;color:rgb(255, 255, 255);\">social values<\/span><b aria-hidden=\"true\"><\/b><\/h2><\/div>\n\n<div class=\"row row-large\"  id=\"row-839768638\">\n\n\n\t<div id=\"col-2075751390\" class=\"col medium-4 small-12 large-4\"  >\n\t\t\t\t<div class=\"col-inner text-center\"  >\n\t\t\t\n\t\t\t\n\n<div style=\"color: white;\">\n<p style=\"font-size: 2em; text-align: center; text-transform: uppercase; font-family: 'Mont';\"><strong>Family<\/strong><\/p>\n<p>We stand for healthy relationships and happy families. Families are the future of every nation and every person. It is one of the most stable values that can give meaning to any of life&#8217;s challenges. We adhere to this value in our daily work, refusing to produce any material that promotes gambling, violence, abortion, pornography, same-sex relationships etc.<\/p>\n<\/div>\n\n\t\t<\/div>\n\t\t\t\t\t<\/div>\n\n\t\n\n\t<div id=\"col-1663400230\" class=\"col medium-4 small-12 large-4\"  >\n\t\t\t\t<div class=\"col-inner\"  >\n\t\t\t\n\t\t\t\n\n<div style=\"color: white;\">\n<p style=\"font-size: 2em; text-align: center; text-transform: uppercase; font-family: 'Mont';\"><strong>Love<\/strong><\/p>\n<p>We are all used to thinking of love as just two people being emotionally attached to each other. But love is much broader than that, it is limitless. It is universal, because love can love anything. It multiplies good when channeled properly and expects nothing in return&nbsp; towards family and friends, fellow human beings and strangers, nature and all life around us. We love our work and our clients.<\/p>\n<\/div>\n\n\t\t<\/div>\n\t\t\t\t\t<\/div>\n\n\t\n\n\t<div id=\"col-1577238338\" class=\"col medium-4 small-12 large-4\"  >\n\t\t\t\t<div class=\"col-inner\"  >\n\t\t\t\n\t\t\t\n\n<div style=\"color: white;\">\n<p style=\"font-size: 2em; text-align: center; text-transform: uppercase; font-family: 'Mont';\"><strong>Integrity<\/strong><\/p>\n<p>We are against enveloped wages, tax laundering schemes, bribes and pirated software. We stand for sound sleep, paid taxes, social guarantees for employees and transparent cooperation with customers and partners. It has been proven countless times that honesty pays off in the long run. We are not interested in short-term temptations, but in long-term stability and cooperation.<\/p>\n<\/div>\n\n\t\t<\/div>\n\t\t\t\t\t<\/div>\n\n\t\n\n<\/div>\n\n\t\t<\/div>\n\t\t\t\t\t<\/div>\n\n\t\n\n\n<style>\n#row-1207959129 > .col > .col-inner {\n  padding: 105px 0px 114px 0px;\n}\n<\/style>\n<\/div>\n\n\t\t<\/div>\n\n\t\t\n<style>\n#section_1952373208 {\n  padding-top: 0px;\n  padding-bottom: 0px;\n  background-color: rgb(255, 255, 255);\n}\n#section_1952373208 .section-bg-overlay {\n  background-color: rgb(228, 0, 79);\n}\n<\/style>\n\t<\/section>\n\t\n","protected":false},"excerpt":{"rendered":"","protected":false},"author":1,"featured_media":0,"parent":4663,"menu_order":5,"comment_status":"closed","ping_status":"closed","template":"","meta":{"footnotes":""},"class_list":["post-4687","page","type-page","status-publish","hentry"],"yoast_head":"<!-- This site is optimized with the Yoast SEO plugin v27.4 - https:\/\/yoast.com\/product\/yoast-seo-wordpress\/ -->\n<title>advertising agency enivo values<\/title>\n<meta name=\"description\" content=\"COURAGEOUS. DYNAMIC. CREATIVE. FAMILY. LOVE. HONESTY. Values we hold on to every day. Come in and learn more!\" \/>\n<meta name=\"robots\" content=\"index, follow, max-snippet:-1, max-image-preview:large, max-video-preview:-1\" \/>\n<link rel=\"canonical\" href=\"https:\/\/enivo.eu\/en\/about-enivo\/values\/\" \/>\n<meta property=\"og:locale\" content=\"en_US\" \/>\n<meta property=\"og:type\" content=\"article\" \/>\n<meta property=\"og:title\" content=\"advertising agency enivo values\" \/>\n<meta property=\"og:description\" content=\"COURAGEOUS. DYNAMIC. CREATIVE. FAMILY. LOVE. HONESTY. Values we hold on to every day. Come in and learn more!\" \/>\n<meta property=\"og:url\" content=\"https:\/\/enivo.eu\/en\/about-enivo\/values\/\" \/>\n<meta property=\"og:site_name\" content=\"enivo\" \/>\n<meta property=\"article:publisher\" content=\"https:\/\/www.facebook.com\/enivo.eu\/\" \/>\n<meta property=\"article:modified_time\" content=\"2023-07-26T09:52:06+00:00\" \/>\n<meta name=\"twitter:card\" content=\"summary_large_image\" \/>\n<meta name=\"twitter:label1\" content=\"Est. reading time\" \/>\n\t<meta name=\"twitter:data1\" content=\"4 minutes\" \/>\n<script type=\"application\/ld+json\" class=\"yoast-schema-graph\">{\"@context\":\"https:\\\/\\\/schema.org\",\"@graph\":[{\"@type\":\"WebPage\",\"@id\":\"https:\\\/\\\/enivo.eu\\\/en\\\/about-enivo\\\/values\\\/\",\"url\":\"https:\\\/\\\/enivo.eu\\\/en\\\/about-enivo\\\/values\\\/\",\"name\":\"advertising agency enivo values\",\"isPartOf\":{\"@id\":\"https:\\\/\\\/enivo.eu\\\/en\\\/#website\"},\"datePublished\":\"2022-05-26T07:49:20+00:00\",\"dateModified\":\"2023-07-26T09:52:06+00:00\",\"description\":\"COURAGEOUS. DYNAMIC. CREATIVE. FAMILY. LOVE. HONESTY. Values we hold on to every day. Come in and learn more!\",\"breadcrumb\":{\"@id\":\"https:\\\/\\\/enivo.eu\\\/en\\\/about-enivo\\\/values\\\/#breadcrumb\"},\"inLanguage\":\"en-US\",\"potentialAction\":[{\"@type\":\"ReadAction\",\"target\":[\"https:\\\/\\\/enivo.eu\\\/en\\\/about-enivo\\\/values\\\/\"]}]},{\"@type\":\"BreadcrumbList\",\"@id\":\"https:\\\/\\\/enivo.eu\\\/en\\\/about-enivo\\\/values\\\/#breadcrumb\",\"itemListElement\":[{\"@type\":\"ListItem\",\"position\":1,\"name\":\"Home\",\"item\":\"https:\\\/\\\/enivo.eu\\\/en\\\/enivo-2\\\/\"},{\"@type\":\"ListItem\",\"position\":2,\"name\":\"about enivo\",\"item\":\"https:\\\/\\\/enivo.eu\\\/en\\\/par-enivo\\\/\"},{\"@type\":\"ListItem\",\"position\":3,\"name\":\"values\"}]},{\"@type\":\"WebSite\",\"@id\":\"https:\\\/\\\/enivo.eu\\\/en\\\/#website\",\"url\":\"https:\\\/\\\/enivo.eu\\\/en\\\/\",\"name\":\"enivo\",\"description\":\"Digit\u0101lie, Poligr\u0101fijas un Drukas Pakalpojumi - A\u0123ent\u016bra enivo\",\"publisher\":{\"@id\":\"https:\\\/\\\/enivo.eu\\\/en\\\/#organization\"},\"potentialAction\":[{\"@type\":\"SearchAction\",\"target\":{\"@type\":\"EntryPoint\",\"urlTemplate\":\"https:\\\/\\\/enivo.eu\\\/en\\\/?s={search_term_string}\"},\"query-input\":{\"@type\":\"PropertyValueSpecification\",\"valueRequired\":true,\"valueName\":\"search_term_string\"}}],\"inLanguage\":\"en-US\"},{\"@type\":\"Organization\",\"@id\":\"https:\\\/\\\/enivo.eu\\\/en\\\/#organization\",\"name\":\"enivo\",\"url\":\"https:\\\/\\\/enivo.eu\\\/en\\\/\",\"logo\":{\"@type\":\"ImageObject\",\"inLanguage\":\"en-US\",\"@id\":\"https:\\\/\\\/enivo.eu\\\/en\\\/#\\\/schema\\\/logo\\\/image\\\/\",\"url\":\"https:\\\/\\\/enivo.eu\\\/wp-content\\\/uploads\\\/2022\\\/02\\\/enivo-logo-color.png\",\"contentUrl\":\"https:\\\/\\\/enivo.eu\\\/wp-content\\\/uploads\\\/2022\\\/02\\\/enivo-logo-color.png\",\"width\":172,\"height\":60,\"caption\":\"enivo\"},\"image\":{\"@id\":\"https:\\\/\\\/enivo.eu\\\/en\\\/#\\\/schema\\\/logo\\\/image\\\/\"},\"sameAs\":[\"https:\\\/\\\/www.facebook.com\\\/enivo.eu\\\/\",\"https:\\\/\\\/www.instagram.com\\\/enivo.eu\\\/\",\"https:\\\/\\\/www.linkedin.com\\\/company\\\/enivo-eu\",\"https:\\\/\\\/www.youtube.com\\\/poligrafija\"]}]}<\/script>\n<!-- \/ Yoast SEO plugin. -->","yoast_head_json":{"title":"advertising agency enivo values","description":"COURAGEOUS. DYNAMIC. CREATIVE. FAMILY. LOVE. HONESTY. Values we hold on to every day. Come in and learn more!","robots":{"index":"index","follow":"follow","max-snippet":"max-snippet:-1","max-image-preview":"max-image-preview:large","max-video-preview":"max-video-preview:-1"},"canonical":"https:\/\/enivo.eu\/en\/about-enivo\/values\/","og_locale":"en_US","og_type":"article","og_title":"advertising agency enivo values","og_description":"COURAGEOUS. DYNAMIC. CREATIVE. FAMILY. LOVE. HONESTY. Values we hold on to every day. Come in and learn more!","og_url":"https:\/\/enivo.eu\/en\/about-enivo\/values\/","og_site_name":"enivo","article_publisher":"https:\/\/www.facebook.com\/enivo.eu\/","article_modified_time":"2023-07-26T09:52:06+00:00","twitter_card":"summary_large_image","twitter_misc":{"Est. reading time":"4 minutes"},"schema":{"@context":"https:\/\/schema.org","@graph":[{"@type":"WebPage","@id":"https:\/\/enivo.eu\/en\/about-enivo\/values\/","url":"https:\/\/enivo.eu\/en\/about-enivo\/values\/","name":"advertising agency enivo values","isPartOf":{"@id":"https:\/\/enivo.eu\/en\/#website"},"datePublished":"2022-05-26T07:49:20+00:00","dateModified":"2023-07-26T09:52:06+00:00","description":"COURAGEOUS. DYNAMIC. CREATIVE. FAMILY. LOVE. HONESTY. Values we hold on to every day. Come in and learn more!","breadcrumb":{"@id":"https:\/\/enivo.eu\/en\/about-enivo\/values\/#breadcrumb"},"inLanguage":"en-US","potentialAction":[{"@type":"ReadAction","target":["https:\/\/enivo.eu\/en\/about-enivo\/values\/"]}]},{"@type":"BreadcrumbList","@id":"https:\/\/enivo.eu\/en\/about-enivo\/values\/#breadcrumb","itemListElement":[{"@type":"ListItem","position":1,"name":"Home","item":"https:\/\/enivo.eu\/en\/enivo-2\/"},{"@type":"ListItem","position":2,"name":"about enivo","item":"https:\/\/enivo.eu\/en\/par-enivo\/"},{"@type":"ListItem","position":3,"name":"values"}]},{"@type":"WebSite","@id":"https:\/\/enivo.eu\/en\/#website","url":"https:\/\/enivo.eu\/en\/","name":"enivo","description":"Digit\u0101lie, Poligr\u0101fijas un Drukas Pakalpojumi - A\u0123ent\u016bra enivo","publisher":{"@id":"https:\/\/enivo.eu\/en\/#organization"},"potentialAction":[{"@type":"SearchAction","target":{"@type":"EntryPoint","urlTemplate":"https:\/\/enivo.eu\/en\/?s={search_term_string}"},"query-input":{"@type":"PropertyValueSpecification","valueRequired":true,"valueName":"search_term_string"}}],"inLanguage":"en-US"},{"@type":"Organization","@id":"https:\/\/enivo.eu\/en\/#organization","name":"enivo","url":"https:\/\/enivo.eu\/en\/","logo":{"@type":"ImageObject","inLanguage":"en-US","@id":"https:\/\/enivo.eu\/en\/#\/schema\/logo\/image\/","url":"https:\/\/enivo.eu\/wp-content\/uploads\/2022\/02\/enivo-logo-color.png","contentUrl":"https:\/\/enivo.eu\/wp-content\/uploads\/2022\/02\/enivo-logo-color.png","width":172,"height":60,"caption":"enivo"},"image":{"@id":"https:\/\/enivo.eu\/en\/#\/schema\/logo\/image\/"},"sameAs":["https:\/\/www.facebook.com\/enivo.eu\/","https:\/\/www.instagram.com\/enivo.eu\/","https:\/\/www.linkedin.com\/company\/enivo-eu","https:\/\/www.youtube.com\/poligrafija"]}]}},"_links":{"self":[{"href":"https:\/\/enivo.eu\/en\/wp-json\/wp\/v2\/pages\/4687","targetHints":{"allow":["GET"]}}],"collection":[{"href":"https:\/\/enivo.eu\/en\/wp-json\/wp\/v2\/pages"}],"about":[{"href":"https:\/\/enivo.eu\/en\/wp-json\/wp\/v2\/types\/page"}],"author":[{"embeddable":true,"href":"https:\/\/enivo.eu\/en\/wp-json\/wp\/v2\/users\/1"}],"replies":[{"embeddable":true,"href":"https:\/\/enivo.eu\/en\/wp-json\/wp\/v2\/comments?post=4687"}],"version-history":[{"count":11,"href":"https:\/\/enivo.eu\/en\/wp-json\/wp\/v2\/pages\/4687\/revisions"}],"predecessor-version":[{"id":5512,"href":"https:\/\/enivo.eu\/en\/wp-json\/wp\/v2\/pages\/4687\/revisions\/5512"}],"up":[{"embeddable":true,"href":"https:\/\/enivo.eu\/en\/wp-json\/wp\/v2\/pages\/4663"}],"wp:attachment":[{"href":"https:\/\/enivo.eu\/en\/wp-json\/wp\/v2\/media?parent=4687"}],"curies":[{"name":"wp","href":"https:\/\/api.w.org\/{rel}","templated":true}]}}