{"id":4713,"date":"2022-02-18T12:32:42","date_gmt":"2022-02-18T12:32:42","guid":{"rendered":"https:\/\/enivo.eu\/contact\/"},"modified":"2023-07-26T09:55:56","modified_gmt":"2023-07-26T09:55:56","slug":"contacts","status":"publish","type":"page","link":"https:\/\/enivo.eu\/en\/contacts\/","title":{"rendered":"contacts"},"content":{"rendered":"\n\t<div class=\"img has-hover karte-home hide-for-small x md-x lg-x y md-y lg-y\" id=\"image_1280907617\">\n\t\t\t\t\t\t\t\t<div class=\"img-inner image-zoom dark\" style=\"margin:0px 0px 0px 0px;\">\n\t\t\t<img loading=\"lazy\" decoding=\"async\" width=\"2560\" height=\"446\" src=\"https:\/\/enivo.eu\/wp-content\/uploads\/2022\/09\/enivo-karte-desktop-scaled.jpg\" class=\"attachment-original size-original\" alt=\"\" srcset=\"https:\/\/enivo.eu\/wp-content\/uploads\/2022\/09\/enivo-karte-desktop-scaled.jpg 2560w, https:\/\/enivo.eu\/wp-content\/uploads\/2022\/09\/enivo-karte-desktop-800x139.jpg 800w, https:\/\/enivo.eu\/wp-content\/uploads\/2022\/09\/enivo-karte-desktop-1400x244.jpg 1400w, https:\/\/enivo.eu\/wp-content\/uploads\/2022\/09\/enivo-karte-desktop-768x134.jpg 768w, https:\/\/enivo.eu\/wp-content\/uploads\/2022\/09\/enivo-karte-desktop-1536x268.jpg 1536w, https:\/\/enivo.eu\/wp-content\/uploads\/2022\/09\/enivo-karte-desktop-2048x357.jpg 2048w\" sizes=\"auto, (max-width: 2560px) 100vw, 2560px\" \/>\t\t\t\t\t\t\n\t\t\t\t\t<\/div>\n\t\t\t\t\t\t\t\t\n<style>\n#image_1280907617 {\n  width: 100%;\n}\n<\/style>\n\t<\/div>\n\t\n\n\t<div class=\"img has-hover karte-home show-for-small x md-x lg-x y md-y lg-y\" id=\"image_653978626\">\n\t\t\t\t\t\t\t\t<div class=\"img-inner image-zoom dark\" style=\"margin:0 0px 0px 0px;\">\n\t\t\t<img loading=\"lazy\" decoding=\"async\" width=\"720\" height=\"520\" src=\"https:\/\/enivo.eu\/wp-content\/uploads\/2022\/09\/enivo-karte-mob.jpg\" class=\"attachment-original size-original\" alt=\"\" srcset=\"https:\/\/enivo.eu\/wp-content\/uploads\/2022\/09\/enivo-karte-mob.jpg 720w, https:\/\/enivo.eu\/wp-content\/uploads\/2022\/09\/enivo-karte-mob-554x400.jpg 554w\" sizes=\"auto, (max-width: 720px) 100vw, 720px\" \/>\t\t\t\t\t\t\n\t\t\t\t\t<\/div>\n\t\t\t\t\t\t\t\t\n<style>\n#image_653978626 {\n  width: 100%;\n}\n<\/style>\n\t<\/div>\n\t\n\n\n\t<section class=\"section\" id=\"section_928361591\">\n\t\t<div class=\"section-bg fill\" >\n\t\t\t\t\t\t\t\t\t\n\t\t\t\n\n\t\t<\/div>\n\n\t\t\n\n\t\t<div class=\"section-content relative\">\n\t\t\t\n\n<div class=\"row\"  id=\"row-1241022733\">\n\n\n\t<div id=\"col-1832777664\" class=\"col medium-7 small-12 large-7\"  >\n\t\t\t\t<div class=\"col-inner\"  >\n\t\t\t\n\t\t\t\n\n<div class=\"container section-title-container contact-h\" ><h2 class=\"section-title section-title-normal\"><b aria-hidden=\"true\"><\/b><span class=\"section-title-main\" style=\"font-size:140%;color:rgb(228, 0, 79);\">contact us before your visit<\/span><b aria-hidden=\"true\"><\/b><\/h2><\/div>\n\n<div class=\"kontakti-mob\">\n<p class=\"kontakti\">Weekdays from <strong>8.00<\/strong> to <strong>17.00<\/strong><\/p>\n<p class=\"kontakti\"><b>Address:<\/b> 42 Pernavas Street, Riga, LV-1009, Latvia (easy access to the parking lot from 22 V\u0101rnu Street)<\/p>\n<p class=\"kontakti\"><strong>Phone<\/strong> +371 67 278 992,<br \/>\n<span class=\"talrunis-2-rinda\">+371 20 159 890<\/span><\/p>\n<p class=\"navi-adress-ico\"><a style=\"margin-left: 0.12em; margin-right:10px;\" class=\"waze\" href=\"waze:\/\/?ll=56.95941992,24.1517257;navigate=yes;zoom=17\"><img decoding=\"async\" style=\"width:45px;\" src=\"https:\/\/enivo.eu\/wp-content\/uploads\/2022\/09\/waze-icon-1.svg\"><\/a><a style=\"margin-left: 0.12em; margin-right:10px;\" class=\"google-maps\" href=\"https:\/\/goo.gl\/maps\/dyzUYrP5rd8wNWcy9\"><img decoding=\"async\" style=\"width:45px;\" src=\"https:\/\/enivo.eu\/wp-content\/uploads\/2022\/09\/google-maps.svg\"><br \/>\n<\/a>\n<\/p>\n<p class=\"kontakti\"><strong>E-mail:<\/strong> enivo@enivo.eu<\/p>\n<\/div>\n<div class=\"kontakti-pc\">\n<p class=\"kontakti\">Weekdays from <strong>8.00<\/strong> to <strong>17.00<\/strong><\/p>\n<p class=\"kontakti\"><b>Address:<\/b> 42 Pernavas Street, Riga, LV-1009, Latvia<br \/>\n(easy access to the parking lot from 22 V\u0101rnu Street)<\/p>\n<p class=\"kontakti\"><strong>Phone<\/strong> +371 67 278 992, +371 20 159 890<\/p>\n<p class=\"kontakti\"><strong>E-mail:<\/strong> enivo@enivo.eu<\/p>\n<\/div>\n<div class=\"social-icons follow-icons social-icons\" ><a href=\"https:\/\/www.facebook.com\/enivo.eu\/\" target=\"_blank\" data-label=\"Facebook\" class=\"icon primary button circle tooltip facebook\" title=\"Follow on Facebook\" aria-label=\"Follow on Facebook\" rel=\"noopener nofollow\"><i class=\"icon-facebook\" aria-hidden=\"true\"><\/i><\/a><a href=\"https:\/\/www.instagram.com\/enivo.eu\/\" target=\"_blank\" data-label=\"Instagram\" class=\"icon primary button circle tooltip instagram\" title=\"Follow on Instagram\" aria-label=\"Follow on Instagram\" rel=\"noopener nofollow\"><i class=\"icon-instagram\" aria-hidden=\"true\"><\/i><\/a><a href=\"https:\/\/www.linkedin.com\/company\/enivo-eu\" data-label=\"LinkedIn\" target=\"_blank\" class=\"icon primary button circle tooltip linkedin\" title=\"Follow on LinkedIn\" aria-label=\"Follow on LinkedIn\" rel=\"noopener nofollow\"><i class=\"icon-linkedin\" aria-hidden=\"true\"><\/i><\/a><a href=\"https:\/\/www.youtube.com\/@enivo-eu?sub_confirmation=1\" data-label=\"YouTube\" target=\"_blank\" class=\"icon primary button circle tooltip youtube\" title=\"Follow on YouTube\" aria-label=\"Follow on YouTube\" rel=\"noopener nofollow\"><i class=\"icon-youtube\" aria-hidden=\"true\"><\/i><\/a><\/div>\n\n\n\t\t<\/div>\n\t\t\t\t\n<style>\n#col-1832777664 > .col-inner {\n  padding: 75px 0px 0px 0px;\n}\n<\/style>\n\t<\/div>\n\n\t\n\n\t<div id=\"col-1962815111\" class=\"col medium-5 small-12 large-5\"  >\n\t\t\t\t<div class=\"col-inner\"  >\n\t\t\t\n\t\t\t\n\n<div class=\"container section-title-container contact-h\" ><h2 class=\"section-title section-title-normal\"><b aria-hidden=\"true\"><\/b><span class=\"section-title-main\" style=\"font-size:140%;\">contact us<\/span><b aria-hidden=\"true\"><\/b><\/h2><\/div>\n\n\n<div class=\"wpcf7 no-js\" id=\"wpcf7-f4492-o1\" lang=\"en-US\" dir=\"ltr\" data-wpcf7-id=\"4492\">\n<div class=\"screen-reader-response\"><p role=\"status\" aria-live=\"polite\" aria-atomic=\"true\"><\/p> <ul><\/ul><\/div>\n<form action=\"\/en\/wp-json\/wp\/v2\/pages\/4713#wpcf7-f4492-o1\" method=\"post\" class=\"wpcf7-form init\" aria-label=\"Contact form\" novalidate=\"novalidate\" data-status=\"init\">\n<fieldset class=\"hidden-fields-container\"><input type=\"hidden\" name=\"_wpcf7\" value=\"4492\" \/><input type=\"hidden\" name=\"_wpcf7_version\" value=\"6.1.5\" \/><input type=\"hidden\" name=\"_wpcf7_locale\" value=\"en_US\" \/><input type=\"hidden\" name=\"_wpcf7_unit_tag\" value=\"wpcf7-f4492-o1\" \/><input type=\"hidden\" name=\"_wpcf7_container_post\" value=\"0\" \/><input type=\"hidden\" name=\"_wpcf7_posted_data_hash\" value=\"\" \/>\n<\/fieldset>\n<p><span class=\"wpcf7-form-control-wrap\" data-name=\"your-name\"><input size=\"40\" maxlength=\"400\" class=\"wpcf7-form-control wpcf7-text wpcf7-validates-as-required\" aria-required=\"true\" aria-invalid=\"false\" placeholder=\"Name, surname*\" value=\"\" type=\"text\" name=\"your-name\" \/><\/span>\n<\/p>\n<p><span class=\"wpcf7-form-control-wrap\" data-name=\"your-company\"><input size=\"40\" maxlength=\"400\" class=\"wpcf7-form-control wpcf7-text wpcf7-validates-as-required\" aria-required=\"true\" aria-invalid=\"false\" placeholder=\"Company (we serve only legal entities)*\" value=\"\" type=\"text\" name=\"your-company\" \/><\/span>\n<\/p>\n<p><span class=\"wpcf7-form-control-wrap\" data-name=\"your-email\"><input size=\"40\" maxlength=\"400\" class=\"wpcf7-form-control wpcf7-email wpcf7-validates-as-required wpcf7-text wpcf7-validates-as-email\" aria-required=\"true\" aria-invalid=\"false\" placeholder=\"E-mail*\" value=\"\" type=\"email\" name=\"your-email\" \/><\/span>\n<\/p>\n<p><span class=\"wpcf7-form-control-wrap\" data-name=\"your-phone\"><input size=\"40\" maxlength=\"400\" minlength=\"8\" class=\"wpcf7-form-control wpcf7-tel wpcf7-text wpcf7-validates-as-tel\" aria-invalid=\"false\" placeholder=\"Phone\" value=\"\" type=\"tel\" name=\"your-phone\" \/><\/span>\n<\/p>\n<div class=\"jautajums\">\n\t<p><span class=\"wpcf7-form-control-wrap\" data-name=\"your-message\"><textarea cols=\"40\" rows=\"10\" maxlength=\"2000\" class=\"wpcf7-form-control wpcf7-textarea wpcf7-validates-as-required\" aria-required=\"true\" aria-invalid=\"false\" placeholder=\"Your message*\" name=\"your-message\"><\/textarea><\/span>\n\t<\/p>\n<\/div>\n<p><span class=\"wpcf7-form-control-wrap\" data-name=\"capital-quiz\"><label><span class=\"wpcf7-quiz-label\">Which number is bigger, 3 or 7?*<\/span> <input size=\"40\" class=\"wpcf7-form-control wpcf7-quiz\" autocomplete=\"off\" aria-required=\"true\" aria-invalid=\"false\" type=\"text\" name=\"capital-quiz\" \/><\/label><input type=\"hidden\" name=\"_wpcf7_quiz_answer_capital-quiz\" value=\"177ec242cb2b9c08838f94fd4ac76640\" \/><\/span>\n<\/p>\n<div class=\"flex-box form-flex\">\n\t<div class=\"form-info\">\n\t\t<p style=\"font-size:0.8em\">* Mandatory fields. By clicking the \"Send\" button you agree to the transfer and processing of your personal data to SIA \"enivo\".\n\t\t<\/p>\n\t<\/div>\n\t<div class=\"submit-poga\">\n\t\t<p><input class=\"wpcf7-form-control wpcf7-submit has-spinner\" type=\"submit\" value=\"Send\" \/>\n\t\t<\/p>\n\t<\/div>\n<\/div><div class=\"wpcf7-response-output\" aria-hidden=\"true\"><\/div>\n<\/form>\n<\/div>\n\n\n\n\t\t<\/div>\n\t\t\t\t\n<style>\n#col-1962815111 > .col-inner {\n  padding: 75px 0px 0px 0px;\n}\n<\/style>\n\t<\/div>\n\n\t\n\n<\/div>\n\n\t\t<\/div>\n\n\t\t\n<style>\n#section_928361591 {\n  padding-top: 30px;\n  padding-bottom: 30px;\n  background-color: rgb(236, 232, 238);\n}\n<\/style>\n\t<\/section>\n\t\n","protected":false},"excerpt":{"rendered":"","protected":false},"author":1,"featured_media":0,"parent":0,"menu_order":4,"comment_status":"closed","ping_status":"closed","template":"","meta":{"footnotes":""},"class_list":["post-4713","page","type-page","status-publish","hentry"],"yoast_head":"<!-- This site is optimized with the Yoast SEO plugin v27.4 - https:\/\/yoast.com\/product\/yoast-seo-wordpress\/ -->\n<title>advertising agency enivo \u2013 contacts<\/title>\n<meta name=\"description\" content=\"Looking for an advertising agency? Contact us and find out how we can help you with your advertising campaigns.\" \/>\n<meta name=\"robots\" content=\"index, follow, max-snippet:-1, max-image-preview:large, max-video-preview:-1\" \/>\n<link rel=\"canonical\" href=\"https:\/\/enivo.eu\/en\/contacts\/\" \/>\n<meta property=\"og:locale\" content=\"en_US\" \/>\n<meta property=\"og:type\" content=\"article\" \/>\n<meta property=\"og:title\" content=\"advertising agency enivo \u2013 contacts\" \/>\n<meta property=\"og:description\" content=\"Looking for an advertising agency? Contact us and find out how we can help you with your advertising campaigns.\" \/>\n<meta property=\"og:url\" content=\"https:\/\/enivo.eu\/en\/contacts\/\" \/>\n<meta property=\"og:site_name\" content=\"enivo\" \/>\n<meta property=\"article:publisher\" content=\"https:\/\/www.facebook.com\/enivo.eu\/\" \/>\n<meta property=\"article:modified_time\" content=\"2023-07-26T09:55:56+00:00\" \/>\n<meta name=\"twitter:card\" content=\"summary_large_image\" \/>\n<meta name=\"twitter:label1\" content=\"Est. reading time\" \/>\n\t<meta name=\"twitter:data1\" content=\"1 minute\" \/>\n<script type=\"application\/ld+json\" class=\"yoast-schema-graph\">{\"@context\":\"https:\\\/\\\/schema.org\",\"@graph\":[{\"@type\":\"WebPage\",\"@id\":\"https:\\\/\\\/enivo.eu\\\/en\\\/contacts\\\/\",\"url\":\"https:\\\/\\\/enivo.eu\\\/en\\\/contacts\\\/\",\"name\":\"advertising agency enivo \u2013 contacts\",\"isPartOf\":{\"@id\":\"https:\\\/\\\/enivo.eu\\\/en\\\/#website\"},\"datePublished\":\"2022-02-18T12:32:42+00:00\",\"dateModified\":\"2023-07-26T09:55:56+00:00\",\"description\":\"Looking for an advertising agency? Contact us and find out how we can help you with your advertising campaigns.\",\"breadcrumb\":{\"@id\":\"https:\\\/\\\/enivo.eu\\\/en\\\/contacts\\\/#breadcrumb\"},\"inLanguage\":\"en-US\",\"potentialAction\":[{\"@type\":\"ReadAction\",\"target\":[\"https:\\\/\\\/enivo.eu\\\/en\\\/contacts\\\/\"]}]},{\"@type\":\"BreadcrumbList\",\"@id\":\"https:\\\/\\\/enivo.eu\\\/en\\\/contacts\\\/#breadcrumb\",\"itemListElement\":[{\"@type\":\"ListItem\",\"position\":1,\"name\":\"Home\",\"item\":\"https:\\\/\\\/enivo.eu\\\/en\\\/enivo-2\\\/\"},{\"@type\":\"ListItem\",\"position\":2,\"name\":\"contacts\"}]},{\"@type\":\"WebSite\",\"@id\":\"https:\\\/\\\/enivo.eu\\\/en\\\/#website\",\"url\":\"https:\\\/\\\/enivo.eu\\\/en\\\/\",\"name\":\"enivo\",\"description\":\"Digit\u0101lie, Poligr\u0101fijas un Drukas Pakalpojumi - A\u0123ent\u016bra enivo\",\"publisher\":{\"@id\":\"https:\\\/\\\/enivo.eu\\\/en\\\/#organization\"},\"potentialAction\":[{\"@type\":\"SearchAction\",\"target\":{\"@type\":\"EntryPoint\",\"urlTemplate\":\"https:\\\/\\\/enivo.eu\\\/en\\\/?s={search_term_string}\"},\"query-input\":{\"@type\":\"PropertyValueSpecification\",\"valueRequired\":true,\"valueName\":\"search_term_string\"}}],\"inLanguage\":\"en-US\"},{\"@type\":\"Organization\",\"@id\":\"https:\\\/\\\/enivo.eu\\\/en\\\/#organization\",\"name\":\"enivo\",\"url\":\"https:\\\/\\\/enivo.eu\\\/en\\\/\",\"logo\":{\"@type\":\"ImageObject\",\"inLanguage\":\"en-US\",\"@id\":\"https:\\\/\\\/enivo.eu\\\/en\\\/#\\\/schema\\\/logo\\\/image\\\/\",\"url\":\"https:\\\/\\\/enivo.eu\\\/wp-content\\\/uploads\\\/2022\\\/02\\\/enivo-logo-color.png\",\"contentUrl\":\"https:\\\/\\\/enivo.eu\\\/wp-content\\\/uploads\\\/2022\\\/02\\\/enivo-logo-color.png\",\"width\":172,\"height\":60,\"caption\":\"enivo\"},\"image\":{\"@id\":\"https:\\\/\\\/enivo.eu\\\/en\\\/#\\\/schema\\\/logo\\\/image\\\/\"},\"sameAs\":[\"https:\\\/\\\/www.facebook.com\\\/enivo.eu\\\/\",\"https:\\\/\\\/www.instagram.com\\\/enivo.eu\\\/\",\"https:\\\/\\\/www.linkedin.com\\\/company\\\/enivo-eu\",\"https:\\\/\\\/www.youtube.com\\\/poligrafija\"]}]}<\/script>\n<!-- \/ Yoast SEO plugin. -->","yoast_head_json":{"title":"advertising agency enivo \u2013 contacts","description":"Looking for an advertising agency? Contact us and find out how we can help you with your advertising campaigns.","robots":{"index":"index","follow":"follow","max-snippet":"max-snippet:-1","max-image-preview":"max-image-preview:large","max-video-preview":"max-video-preview:-1"},"canonical":"https:\/\/enivo.eu\/en\/contacts\/","og_locale":"en_US","og_type":"article","og_title":"advertising agency enivo \u2013 contacts","og_description":"Looking for an advertising agency? Contact us and find out how we can help you with your advertising campaigns.","og_url":"https:\/\/enivo.eu\/en\/contacts\/","og_site_name":"enivo","article_publisher":"https:\/\/www.facebook.com\/enivo.eu\/","article_modified_time":"2023-07-26T09:55:56+00:00","twitter_card":"summary_large_image","twitter_misc":{"Est. reading time":"1 minute"},"schema":{"@context":"https:\/\/schema.org","@graph":[{"@type":"WebPage","@id":"https:\/\/enivo.eu\/en\/contacts\/","url":"https:\/\/enivo.eu\/en\/contacts\/","name":"advertising agency enivo \u2013 contacts","isPartOf":{"@id":"https:\/\/enivo.eu\/en\/#website"},"datePublished":"2022-02-18T12:32:42+00:00","dateModified":"2023-07-26T09:55:56+00:00","description":"Looking for an advertising agency? Contact us and find out how we can help you with your advertising campaigns.","breadcrumb":{"@id":"https:\/\/enivo.eu\/en\/contacts\/#breadcrumb"},"inLanguage":"en-US","potentialAction":[{"@type":"ReadAction","target":["https:\/\/enivo.eu\/en\/contacts\/"]}]},{"@type":"BreadcrumbList","@id":"https:\/\/enivo.eu\/en\/contacts\/#breadcrumb","itemListElement":[{"@type":"ListItem","position":1,"name":"Home","item":"https:\/\/enivo.eu\/en\/enivo-2\/"},{"@type":"ListItem","position":2,"name":"contacts"}]},{"@type":"WebSite","@id":"https:\/\/enivo.eu\/en\/#website","url":"https:\/\/enivo.eu\/en\/","name":"enivo","description":"Digit\u0101lie, Poligr\u0101fijas un Drukas Pakalpojumi - A\u0123ent\u016bra enivo","publisher":{"@id":"https:\/\/enivo.eu\/en\/#organization"},"potentialAction":[{"@type":"SearchAction","target":{"@type":"EntryPoint","urlTemplate":"https:\/\/enivo.eu\/en\/?s={search_term_string}"},"query-input":{"@type":"PropertyValueSpecification","valueRequired":true,"valueName":"search_term_string"}}],"inLanguage":"en-US"},{"@type":"Organization","@id":"https:\/\/enivo.eu\/en\/#organization","name":"enivo","url":"https:\/\/enivo.eu\/en\/","logo":{"@type":"ImageObject","inLanguage":"en-US","@id":"https:\/\/enivo.eu\/en\/#\/schema\/logo\/image\/","url":"https:\/\/enivo.eu\/wp-content\/uploads\/2022\/02\/enivo-logo-color.png","contentUrl":"https:\/\/enivo.eu\/wp-content\/uploads\/2022\/02\/enivo-logo-color.png","width":172,"height":60,"caption":"enivo"},"image":{"@id":"https:\/\/enivo.eu\/en\/#\/schema\/logo\/image\/"},"sameAs":["https:\/\/www.facebook.com\/enivo.eu\/","https:\/\/www.instagram.com\/enivo.eu\/","https:\/\/www.linkedin.com\/company\/enivo-eu","https:\/\/www.youtube.com\/poligrafija"]}]}},"_links":{"self":[{"href":"https:\/\/enivo.eu\/en\/wp-json\/wp\/v2\/pages\/4713","targetHints":{"allow":["GET"]}}],"collection":[{"href":"https:\/\/enivo.eu\/en\/wp-json\/wp\/v2\/pages"}],"about":[{"href":"https:\/\/enivo.eu\/en\/wp-json\/wp\/v2\/types\/page"}],"author":[{"embeddable":true,"href":"https:\/\/enivo.eu\/en\/wp-json\/wp\/v2\/users\/1"}],"replies":[{"embeddable":true,"href":"https:\/\/enivo.eu\/en\/wp-json\/wp\/v2\/comments?post=4713"}],"version-history":[{"count":4,"href":"https:\/\/enivo.eu\/en\/wp-json\/wp\/v2\/pages\/4713\/revisions"}],"predecessor-version":[{"id":5514,"href":"https:\/\/enivo.eu\/en\/wp-json\/wp\/v2\/pages\/4713\/revisions\/5514"}],"wp:attachment":[{"href":"https:\/\/enivo.eu\/en\/wp-json\/wp\/v2\/media?parent=4713"}],"curies":[{"name":"wp","href":"https:\/\/api.w.org\/{rel}","templated":true}]}}